{"id":524,"date":"2023-02-12T13:02:11","date_gmt":"2023-02-12T13:02:11","guid":{"rendered":"https:\/\/skualo-portocolom.com\/?page_id=524"},"modified":"2023-03-27T16:07:41","modified_gmt":"2023-03-27T16:07:41","slug":"schnorcheln","status":"publish","type":"page","link":"https:\/\/skualo-portocolom.com\/fr\/ausfluge\/schnorcheln\/","title":{"rendered":"plong\u00e9e en apn\u00e9e"},"content":{"rendered":"<div data-vc-full-width=\"true\" data-vc-full-width-init=\"false\" class=\"vc_row wpb_row vc_row-fluid vc_custom_1679931320723 vc_row-has-fill\" ><div class=\"wpb_column vc_column_container vc_col-sm-12\"><div class=\"vc_column-inner\"><div class=\"wpb_wrapper\"><div class=\"vc_empty_space\"   style=\"height: 20em\"><span class=\"vc_empty_space_inner\"><\/span><\/div><h2 style=\"font-size: 3em;color: #ffffff;text-align: left;font-family:Contrail One;font-weight:400;font-style:normal\" class=\"vc_custom_heading\" >plong\u00e9e en apn\u00e9e<\/h2><h2 style=\"font-size: 2em;color: #ffffff;text-align: left;font-family:Contrail One;font-weight:400;font-style:normal\" class=\"vc_custom_heading\" >Apprenez \u00e0 conna\u00eetre la mer M\u00e9diterran\u00e9e<\/h2><\/div><\/div><\/div><\/div><div class=\"vc_row-full-width vc_clearfix\"><\/div><div data-vc-full-width=\"true\" data-vc-full-width-init=\"false\" class=\"vc_row wpb_row vc_row-fluid vc_custom_1679931586793 vc_row-has-fill\" ><div class=\"wpb_column vc_column_container vc_col-sm-12\"><div class=\"vc_column-inner\"><div class=\"wpb_wrapper\"><section class=\"vc_cta3-container\"><div class=\"vc_general vc_cta3 vc_cta3-style-flat vc_cta3-shape-square vc_cta3-align-left vc_cta3-color-classic vc_cta3-icon-size-xl vc_cta3-icons-right vc_custom_1679931817240\"><div class=\"vc_cta3_content-container\"><div class=\"vc_cta3-content\"><header class=\"vc_cta3-content-header\"><\/header><h3 style=\"text-align: left;\"><a href=\"https:\/\/skualo-portocolom.com\/fr\/?page_id=50\">R\u00e9servez maintenant \u2013 Les r\u00e9servations sont obligatoires pour participer \u00e0 nos activit\u00e9s<\/a><\/h3>\n<\/div><\/div><div class=\"vc_cta3-icons\"><div class=\"vc_icon_element vc_icon_element-outer vc_icon_element-align-left\"><div class=\"vc_icon_element-inner vc_icon_element-color-custom vc_icon_element-size-xl vc_icon_element-style- vc_icon_element-background-color-grey\" ><span class=\"vc_icon_element-icon fa fa-shopping-cart\" style=\"color:#024998 !important\"><\/span><\/div><\/div><\/div><\/div><\/section><\/div><\/div><\/div><\/div><div class=\"vc_row-full-width vc_clearfix\"><\/div><div class=\"vc_row wpb_row vc_row-fluid\" ><div class=\"wpb_column vc_column_container vc_col-sm-12\"><div class=\"vc_column-inner\"><div class=\"wpb_wrapper\">\n\t<div class=\"wpb_text_column wpb_content_element\" >\n\t\t<div class=\"wpb_wrapper\">\n\t\t\t<h3>plong\u00e9e en apn\u00e9e<\/h3>\n\n\t\t<\/div>\n\t<\/div>\n\n\t<div class=\"wpb_text_column wpb_content_element\" >\n\t\t<div class=\"wpb_wrapper\">\n\t\t\t<p>Vous cherchez Nemo ?? Nous ne trouvons pas cela en M\u00e9diterran\u00e9e, mais il existe de nombreuses autres cr\u00e9atures et cr\u00e9atures marines, telles que la mignonne petite lotte, les paons de mer color\u00e9s, les dr\u00f4les de napol\u00e9ons, les bancs de dorades et de z\u00e9brures dor\u00e9es et, avec un peu de chance, les pieuvres. et barracudas. De nombreuses belles formations rocheuses offrent un espace pour une faune sous-marine vari\u00e9e. An\u00e9mones, petits coraux et \u00e9toiles de mer se retrouvent sur plusieurs de nos 15 sites environ. Un de nos guides est toujours avec nous. Avant de commencer, il y a bien s\u00fbr une explication de l&#039;\u00e9quipement. Nous vous emmenons en bateau dans des endroits difficiles d&#039;acc\u00e8s depuis la terre<\/p>\n\n\t\t<\/div>\n\t<\/div>\n<\/div><\/div><\/div><\/div><div class=\"vc_row wpb_row vc_row-fluid vc_custom_1679932569093\" ><div class=\"wpb_column vc_column_container vc_col-sm-4\"><div class=\"vc_column-inner\"><div class=\"wpb_wrapper\"><div class=\"mkdf-iwt clearfix  mkdf-iwt-icon-top mkdf-iwt-icon-huge\">\n\t<div class=\"mkdf-iwt-icon\">\n\t\t\t\t\t\t\t\t\t    <span class=\"mkdf-icon-shortcode mkdf-normal   mkdf-icon-huge\"  data-color=\"#024998\">\n                    <i class=\"mkdf-icon-dripicons dripicon dripicons-anchor mkdf-icon-element\" style=\"color: #024998\" ><\/i>            <\/span>\n\t\t\t\t\t\t<\/div>\n\t<div class=\"mkdf-iwt-content\" >\n\t\t\t\t\t<h4 class=\"mkdf-iwt-title\" >\n\t\t\t\t\t\t\t\t<span class=\"mkdf-iwt-title-text\">bateau<\/span>\n\t\t\t\t\t\t\t<\/h4>\n\t\t\t\t\t\t\t<p class=\"mkdf-iwt-text\" >Toutes les excursions ont lieu sur des bateaux \u00e9quip\u00e9s d&#039;\u00e9chelles pour embarquer et d\u00e9barquer<\/p>\n\t\t\t<\/div>\n<\/div><\/div><\/div><\/div><div class=\"wpb_column vc_column_container vc_col-sm-4\"><div class=\"vc_column-inner\"><div class=\"wpb_wrapper\"><div class=\"mkdf-iwt clearfix  mkdf-iwt-icon-top mkdf-iwt-icon-huge\">\n\t<div class=\"mkdf-iwt-icon\">\n\t\t\t\t\t\t\t\t\t    <span class=\"mkdf-icon-shortcode mkdf-normal   mkdf-icon-huge\"  data-color=\"#024998\">\n                    <i class=\"mkdf-icon-font-awesome fa fa-clock-o mkdf-icon-element\" style=\"color: #024998\" ><\/i>            <\/span>\n\t\t\t\t\t\t<\/div>\n\t<div class=\"mkdf-iwt-content\" >\n\t\t\t\t\t<h4 class=\"mkdf-iwt-title\" >\n\t\t\t\t\t\t\t\t<span class=\"mkdf-iwt-title-text\">Une longueur de temps<\/span>\n\t\t\t\t\t\t\t<\/h4>\n\t\t\t\t\t\t\t<p class=\"mkdf-iwt-text\" >Nous sommes dans l&#039;eau pendant environ 60 minutes. Au total, vous devriez pr\u00e9voir environ 2 heures avec nous.<\/p>\n\t\t\t<\/div>\n<\/div><\/div><\/div><\/div><div class=\"wpb_column vc_column_container vc_col-sm-4\"><div class=\"vc_column-inner\"><div class=\"wpb_wrapper\"><div class=\"mkdf-iwt clearfix  mkdf-iwt-icon-top mkdf-iwt-icon-huge\">\n\t<div class=\"mkdf-iwt-icon\">\n\t\t\t\t\t\t\t\t\t    <span class=\"mkdf-icon-shortcode mkdf-normal   mkdf-icon-huge\"  data-hover-color=\"#024998\" data-color=\"#024998\">\n                    <i class=\"mkdf-icon-font-awesome fa fa-check mkdf-icon-element\" style=\"color: #024998\" ><\/i>            <\/span>\n\t\t\t\t\t\t<\/div>\n\t<div class=\"mkdf-iwt-content\" >\n\t\t\t\t\t<h4 class=\"mkdf-iwt-title\" >\n\t\t\t\t\t\t\t\t<span class=\"mkdf-iwt-title-text\">\u00e9quipement<\/span>\n\t\t\t\t\t\t\t<\/h4>\n\t\t\t\t\t\t\t<p class=\"mkdf-iwt-text\" >Nous fournissons une combinaison, des chaussures, des palmes, un masque et un tuba.<\/p>\n\t\t\t<\/div>\n<\/div><\/div><\/div><\/div><\/div><div data-vc-full-width=\"true\" data-vc-full-width-init=\"false\" class=\"vc_row wpb_row vc_row-fluid vc_custom_1679932958250 vc_row-has-fill\" ><div class=\"wpb_column vc_column_container vc_col-sm-12\"><div class=\"vc_column-inner\"><div class=\"wpb_wrapper\"><section class=\"vc_cta3-container\"><div class=\"vc_general vc_cta3 vc_cta3-style-flat vc_cta3-shape-square vc_cta3-align-left vc_cta3-color-classic vc_cta3-icon-size-xl vc_cta3-icons-right vc_custom_1679933085338\"><div class=\"vc_cta3_content-container\"><div class=\"vc_cta3-content\"><header class=\"vc_cta3-content-header\"><\/header><h3 style=\"text-align: left;\">Tu as une question? Alors appelez-nous, n&#039;est-ce pas ? <a href=\"https:\/\/wa.me\/34661488680\" target=\"_blank\" rel=\"noopener\">envoyez-nous un WhatsApp +34 661 488 680<\/a><\/h3>\n<\/div><\/div><div class=\"vc_cta3-icons\"><div class=\"vc_icon_element vc_icon_element-outer vc_icon_element-align-left\"><div class=\"vc_icon_element-inner vc_icon_element-color-custom vc_icon_element-size-xl vc_icon_element-style- vc_icon_element-background-color-grey\" ><span class=\"vc_icon_element-icon fa fa-whatsapp\" style=\"color:#024998 !important\"><\/span><a class=\"vc_icon_element-link\" href=\"https:\/\/wa.me\/34661488680\"  title=\"\" target=\" _blank\"><\/a><\/div><\/div><\/div><\/div><\/section><\/div><\/div><\/div><\/div><div class=\"vc_row-full-width vc_clearfix\"><\/div><div class=\"vc_row wpb_row vc_row-fluid\" ><div class=\"wpb_column vc_column_container vc_col-sm-12\"><div class=\"vc_column-inner\"><div class=\"wpb_wrapper\">\n\t<div class=\"wpb_text_column wpb_content_element\" >\n\t\t<div class=\"wpb_wrapper\">\n\t\t\t<h3>Questions fr\u00e9quemment pos\u00e9es<\/h3>\n\n\t\t<\/div>\n\t<\/div>\n<div class=\"mkdf-accordion-holder mkdf-ac-default  mkdf-accordion mkdf-ac-boxed  clearfix\">\n\t<h5 class=\"mkdf-accordion-title\">\n    <span class=\"mkdf-accordion-mark\">\n\t\t<span class=\"mkdf_icon_plus icon_plus\"><\/span>\n\t\t<span class=\"mkdf_icon_minus icon_minus-06\"><\/span>\n\t<\/span>\n\t<span class=\"mkdf-tab-title\">Dois-je \u00eatre un bon nageur ?<\/span>\n<\/h5>\n<div class=\"mkdf-accordion-content\">\n\t<div class=\"mkdf-accordion-content-inner\">\n\t\t\n\t<div class=\"wpb_text_column wpb_content_element\" >\n\t\t<div class=\"wpb_wrapper\">\n\t\t\t<p>Vous devez \u00eatre \u00e0 l&#039;aise dans l&#039;eau. Nous vous expliquerons comment nager avec des palmes et la combinaison vous donnera automatiquement de la flottabilit\u00e9. Nous accueillons les enfants d\u00e8s qu&#039;ils savent nager (\u00e0 partir de 6 ans environ).<\/p>\n\n\t\t<\/div>\n\t<\/div>\n\t<\/div>\n<\/div><h5 class=\"mkdf-accordion-title\">\n    <span class=\"mkdf-accordion-mark\">\n\t\t<span class=\"mkdf_icon_plus icon_plus\"><\/span>\n\t\t<span class=\"mkdf_icon_minus icon_minus-06\"><\/span>\n\t<\/span>\n\t<span class=\"mkdf-tab-title\">Puis-je faire de la plong\u00e9e seul ou simplement r\u00e9server une place sur le bateau et aller nager ?<\/span>\n<\/h5>\n<div class=\"mkdf-accordion-content\">\n\t<div class=\"mkdf-accordion-content-inner\">\n\t\t\n\t<div class=\"wpb_text_column wpb_content_element\" >\n\t\t<div class=\"wpb_wrapper\">\n\t\t\t<p>Si nous avons de la place sur le bateau, vous pouvez r\u00e9server une place en tant que &quot;visiteur \u00e0 bord&quot;. Nos bateaux sont con\u00e7us pour r\u00e9aliser des activit\u00e9s, ils n&#039;offrent pas d&#039;ombre. En raison des r\u00e8gles de s\u00e9curit\u00e9, un guide est toujours dans l&#039;eau pendant nos activit\u00e9s.<\/p>\n\n\t\t<\/div>\n\t<\/div>\n\t<\/div>\n<\/div><\/div><\/div><\/div><\/div><\/div>","protected":false},"excerpt":{"rendered":"SnorkelingD\u00e9couvrez la M\u00e9diterran\u00e9eR\u00e9servez maintenant - Les r\u00e9servations sont obligatoires pour participer \u00e0 nos activit\u00e9s Snorkeling Vous cherchez Nemo ?? On ne le trouve pas en M\u00e9diterran\u00e9e, mais on trouve de nombreuses autres cr\u00e9atures et cr\u00e9atures marines, comme les mignonnes petites mouettes, color\u00e9es [...]","protected":false},"author":2,"featured_media":0,"parent":522,"menu_order":0,"comment_status":"closed","ping_status":"closed","template":"","meta":{"footnotes":""},"class_list":["post-524","page","type-page","status-publish","hentry"],"_links":{"self":[{"href":"https:\/\/skualo-portocolom.com\/fr\/wp-json\/wp\/v2\/pages\/524","targetHints":{"allow":["GET"]}}],"collection":[{"href":"https:\/\/skualo-portocolom.com\/fr\/wp-json\/wp\/v2\/pages"}],"about":[{"href":"https:\/\/skualo-portocolom.com\/fr\/wp-json\/wp\/v2\/types\/page"}],"author":[{"embeddable":true,"href":"https:\/\/skualo-portocolom.com\/fr\/wp-json\/wp\/v2\/users\/2"}],"replies":[{"embeddable":true,"href":"https:\/\/skualo-portocolom.com\/fr\/wp-json\/wp\/v2\/comments?post=524"}],"version-history":[{"count":0,"href":"https:\/\/skualo-portocolom.com\/fr\/wp-json\/wp\/v2\/pages\/524\/revisions"}],"up":[{"embeddable":true,"href":"https:\/\/skualo-portocolom.com\/fr\/wp-json\/wp\/v2\/pages\/522"}],"wp:attachment":[{"href":"https:\/\/skualo-portocolom.com\/fr\/wp-json\/wp\/v2\/media?parent=524"}],"curies":[{"name":"wp","href":"https:\/\/api.w.org\/{rel}","templated":true}]}}