{"id":517,"date":"2023-02-12T12:57:31","date_gmt":"2023-02-12T12:57:31","guid":{"rendered":"https:\/\/skualo-portocolom.com\/?page_id=517"},"modified":"2023-03-26T10:39:22","modified_gmt":"2023-03-26T10:39:22","slug":"tauchkurse","status":"publish","type":"page","link":"https:\/\/skualo-portocolom.com\/fr\/activity\/tauchkurse\/","title":{"rendered":"cours de plong\u00e9e"},"content":{"rendered":"<div data-vc-full-width=\"true\" data-vc-full-width-init=\"false\" class=\"vc_row wpb_row vc_row-fluid vc_custom_1677688932918 vc_row-has-fill\" ><div class=\"wpb_column vc_column_container vc_col-sm-12\"><div class=\"vc_column-inner\"><div class=\"wpb_wrapper\"><div class=\"vc_empty_space\"   style=\"height: 20em\"><span class=\"vc_empty_space_inner\"><\/span><\/div><h2 style=\"font-size: 3em;color: #ffffff;text-align: left;font-family:Contrail One;font-weight:400;font-style:normal\" class=\"vc_custom_heading\" >cours de plong\u00e9e<\/h2><h2 style=\"font-size: 2em;color: #ffffff;text-align: left;font-family:Contrail One;font-weight:400;font-style:normal\" class=\"vc_custom_heading\" >Participez \u00e0 l&#039;un de nos nombreux cours<\/h2><\/div><\/div><\/div><\/div><div class=\"vc_row-full-width vc_clearfix\"><\/div><div data-vc-full-width=\"true\" data-vc-full-width-init=\"false\" class=\"vc_row wpb_row vc_row-fluid vc_custom_1676208551715 vc_row-has-fill vc_row-o-content-top vc_row-flex\" ><div class=\"wpb_column vc_column_container vc_col-sm-12\"><div class=\"vc_column-inner\"><div class=\"wpb_wrapper\"><section class=\"vc_cta3-container\"><div class=\"vc_general vc_cta3 vc_cta3-style-flat vc_cta3-shape-square vc_cta3-align-left vc_cta3-color-classic vc_cta3-icon-size-xl vc_cta3-icons-right vc_custom_1676208643789\"><div class=\"vc_cta3_content-container\"><div class=\"vc_cta3-content\"><header class=\"vc_cta3-content-header\"><\/header><h3 style=\"text-align: left;\"><a href=\"https:\/\/skualo-portocolom.com\/fr\/?page_id=50\">R\u00e9servez maintenant \u2013 Les r\u00e9servations sont obligatoires pour participer \u00e0 nos activit\u00e9s<\/a><\/h3>\n<\/div><\/div><div class=\"vc_cta3-icons\"><div class=\"vc_icon_element vc_icon_element-outer vc_icon_element-align-left\"><div class=\"vc_icon_element-inner vc_icon_element-color-custom vc_icon_element-size-xl vc_icon_element-style- vc_icon_element-background-color-grey\" ><span class=\"vc_icon_element-icon fa fa-shopping-cart\" style=\"color:#024998 !important\"><\/span><a class=\"vc_icon_element-link\" href=\"https:\/\/skualo-portocolom.com\/fr\/?page_id=50\"  title=\"Contact\" target=\"_self\"><\/a><\/div><\/div><\/div><\/div><\/section><\/div><\/div><\/div><\/div><div class=\"vc_row-full-width vc_clearfix\"><\/div><div class=\"vc_row wpb_row vc_row-fluid\" ><div class=\"wpb_column vc_column_container vc_col-sm-12\"><div class=\"vc_column-inner\"><div class=\"wpb_wrapper\">\n\t<div class=\"wpb_text_column wpb_content_element\" >\n\t\t<div class=\"wpb_wrapper\">\n\t\t\t<h3>PADI Open Water Diver \u2013 environ 3 jours<\/h3>\n\n\t\t<\/div>\n\t<\/div>\n<div class=\"vc_row wpb_row vc_inner vc_row-fluid\" ><div class=\"wpb_column vc_column_container vc_col-sm-6\"><div class=\"vc_column-inner\"><div class=\"wpb_wrapper\">\n\t<div class=\"wpb_text_column wpb_content_element\" >\n\t\t<div class=\"wpb_wrapper\">\n\t\t\t<p>Le cours d&#039;initiation parfait o\u00f9 vous apprenez \u00e0 plonger de mani\u00e8re autonome dans une \u00e9quipe de copains. \u00c0 la fin du cours, vous \u00eates autoris\u00e9 \u00e0 plonger jusqu&#039;\u00e0 18 m\u00e8tres de profondeur. Vous pouvez compl\u00e9ter la th\u00e9orie en ligne et \u00eates donc flexible si vous apprenez au stand, \u00e0 la piscine ou \u00e0 la maison au pr\u00e9alable. Dans notre centre de plong\u00e9e, nous vous pr\u00e9senterons d&#039;abord l&#039;\u00e9quipement et vous montrerons comment tout fonctionne. En eau peu profonde, nous nous entra\u00eenons \u00e0 utiliser notre \u00e9quipement, \u00e0 nous d\u00e9placer sous l&#039;eau et \u00e0 r\u00e9agir lorsque les choses ne se d\u00e9roulent pas comme pr\u00e9vu. Le cours comprend 4 plong\u00e9es en eau libre. Ici, nous r\u00e9p\u00e9tons certains des exercices et vous montrons comment mettre en pratique ce que vous avez appris en th\u00e9orie. En petits groupes (g\u00e9n\u00e9ralement seulement 1 \u00e0 2 \u00e9tudiants par instructeur), l&#039;exercice vient : Ne manquez pas d&#039;explorer le site de plong\u00e9e. D\u00e9couvrez avec nous les petites lottes, les dorades, les mur\u00e8nes et bien d&#039;autres esp\u00e8ces de poissons.<\/p>\n\n\t\t<\/div>\n\t<\/div>\n<\/div><\/div><\/div><div class=\"wpb_column vc_column_container vc_col-sm-6\"><div class=\"vc_column-inner\"><div class=\"wpb_wrapper\">\n\t<div  class=\"wpb_single_image wpb_content_element vc_align_left\">\n\t\t\n\t\t<figure class=\"wpb_wrapper vc_figure\">\n\t\t\t<div class=\"vc_single_image-wrapper   vc_box_border_grey\"><img loading=\"lazy\" decoding=\"async\" width=\"1024\" height=\"683\" src=\"https:\/\/skualo-portocolom.com\/wp-content\/uploads\/2023\/03\/OWD-1024x683.jpeg\" class=\"vc_single_image-img attachment-large\" alt=\"\" srcset=\"https:\/\/skualo-portocolom.com\/wp-content\/uploads\/2023\/03\/OWD-1024x683.jpeg 1024w, https:\/\/skualo-portocolom.com\/wp-content\/uploads\/2023\/03\/OWD-300x200.jpeg 300w, https:\/\/skualo-portocolom.com\/wp-content\/uploads\/2023\/03\/OWD-768x512.jpeg 768w, https:\/\/skualo-portocolom.com\/wp-content\/uploads\/2023\/03\/OWD-1536x1024.jpeg 1536w\" sizes=\"auto, (max-width: 1024px) 100vw, 1024px\" \/><\/div>\n\t\t<\/figure>\n\t<\/div>\n<\/div><\/div><\/div><\/div><\/div><\/div><\/div><\/div><div class=\"vc_row wpb_row vc_row-fluid vc_custom_1676210856481\" ><div class=\"wpb_column vc_column_container vc_col-sm-12\"><div class=\"vc_column-inner\"><div class=\"wpb_wrapper\">\n\t<div class=\"wpb_text_column wpb_content_element\" >\n\t\t<div class=\"wpb_wrapper\">\n\t\t\t<h3>ADI Advanced Open Water Diver \u2013 Environ 3 jours<\/h3>\n\n\t\t<\/div>\n\t<\/div>\n<div class=\"vc_row wpb_row vc_inner vc_row-fluid\" ><div class=\"wpb_column vc_column_container vc_col-sm-6\"><div class=\"vc_column-inner\"><div class=\"wpb_wrapper\">\n\t<div  class=\"wpb_single_image wpb_content_element vc_align_left\">\n\t\t\n\t\t<figure class=\"wpb_wrapper vc_figure\">\n\t\t\t<div class=\"vc_single_image-wrapper   vc_box_border_grey\"><img loading=\"lazy\" decoding=\"async\" width=\"1024\" height=\"680\" src=\"https:\/\/skualo-portocolom.com\/wp-content\/uploads\/2023\/03\/AOWD-1024x680.jpeg\" class=\"vc_single_image-img attachment-large\" alt=\"\" srcset=\"https:\/\/skualo-portocolom.com\/wp-content\/uploads\/2023\/03\/AOWD-1024x680.jpeg 1024w, https:\/\/skualo-portocolom.com\/wp-content\/uploads\/2023\/03\/AOWD-300x199.jpeg 300w, https:\/\/skualo-portocolom.com\/wp-content\/uploads\/2023\/03\/AOWD-768x510.jpeg 768w, https:\/\/skualo-portocolom.com\/wp-content\/uploads\/2023\/03\/AOWD-1536x1020.jpeg 1536w\" sizes=\"auto, (max-width: 1024px) 100vw, 1024px\" \/><\/div>\n\t\t<\/figure>\n\t<\/div>\n<\/div><\/div><\/div><div class=\"wpb_column vc_column_container vc_col-sm-6\"><div class=\"vc_column-inner\"><div class=\"wpb_wrapper\">\n\t<div class=\"wpb_text_column wpb_content_element\" >\n\t\t<div class=\"wpb_wrapper\">\n\t\t\t<p>Vous avez d\u00e9j\u00e0 un permis de plong\u00e9e et souhaitez passer \u00e0 l&#039;\u00e9tape suivante ? Ici aussi, un peu de th\u00e9orie fait partie du cours. Vous pouvez facilement le faire en ligne. Dans le cours AOWD, nous effectuons 5 plong\u00e9es avec vous, au cours desquelles nous nous consacrons \u00e0 des sujets particuliers. L&#039;une des plong\u00e9es est une plong\u00e9e profonde \u00e0 30 m\u00e8tres, une autre est faite en mettant l&#039;accent sur la navigation. Nous pouvons adapter avec souplesse les 3 autres plong\u00e9es \u00e0 vos souhaits. Ici nous avons un large choix : \u00e9pave, tarage, identification de poissons, recherche &amp; r\u00e9cup\u00e9ration, caverne, nitrox, sidemount,... Nos plong\u00e9es de nuit sont particuli\u00e8rement appr\u00e9ci\u00e9es ici.<\/p>\n\n\t\t<\/div>\n\t<\/div>\n<\/div><\/div><\/div><\/div><\/div><\/div><\/div><\/div><div class=\"vc_row wpb_row vc_row-fluid vc_custom_1676210856481\" ><div class=\"wpb_column vc_column_container vc_col-sm-12\"><div class=\"vc_column-inner\"><div class=\"wpb_wrapper\">\n\t<div class=\"wpb_text_column wpb_content_element\" >\n\t\t<div class=\"wpb_wrapper\">\n\t\t\t<h3>Emergency First Response &amp; PADI Recue Diver \u2013 Environ 3-4 jours<\/h3>\n\n\t\t<\/div>\n\t<\/div>\n<div class=\"vc_row wpb_row vc_inner vc_row-fluid\" ><div class=\"wpb_column vc_column_container vc_col-sm-6\"><div class=\"vc_column-inner\"><div class=\"wpb_wrapper\">\n\t<div class=\"wpb_text_column wpb_content_element\" >\n\t\t<div class=\"wpb_wrapper\">\n\t\t\t<p>Les premiers intervenants et les plongeurs Rescue Diver sont des amis populaires. Nous vous montrerons comment le devenir. Les deux cours peuvent \u00eatre r\u00e9serv\u00e9s individuellement ou combin\u00e9s. Tous les exercices sont expliqu\u00e9s puis pratiqu\u00e9s dans des conditions aussi r\u00e9alistes que possible. Savoir comment s&#039;aider soi-m\u00eame et aider les autres lorsque quelque chose ne se passe pas comme pr\u00e9vu est une r\u00e9alisation sp\u00e9ciale que nous formons avec vous. Contactez-nous pour en savoir plus.<\/p>\n\n\t\t<\/div>\n\t<\/div>\n<\/div><\/div><\/div><div class=\"wpb_column vc_column_container vc_col-sm-6\"><div class=\"vc_column-inner\"><div class=\"wpb_wrapper\">\n\t<div  class=\"wpb_single_image wpb_content_element vc_align_left\">\n\t\t\n\t\t<figure class=\"wpb_wrapper vc_figure\">\n\t\t\t<div class=\"vc_single_image-wrapper   vc_box_border_grey\"><img loading=\"lazy\" decoding=\"async\" width=\"1024\" height=\"576\" src=\"https:\/\/skualo-portocolom.com\/wp-content\/uploads\/2023\/03\/Rescue_2-1024x576.jpg\" class=\"vc_single_image-img attachment-large\" alt=\"\" srcset=\"https:\/\/skualo-portocolom.com\/wp-content\/uploads\/2023\/03\/Rescue_2-1024x576.jpg 1024w, https:\/\/skualo-portocolom.com\/wp-content\/uploads\/2023\/03\/Rescue_2-300x169.jpg 300w, https:\/\/skualo-portocolom.com\/wp-content\/uploads\/2023\/03\/Rescue_2-768x432.jpg 768w, https:\/\/skualo-portocolom.com\/wp-content\/uploads\/2023\/03\/Rescue_2.jpg 1334w\" sizes=\"auto, (max-width: 1024px) 100vw, 1024px\" \/><\/div>\n\t\t<\/figure>\n\t<\/div>\n<\/div><\/div><\/div><\/div><\/div><\/div><\/div><\/div><div class=\"vc_row wpb_row vc_row-fluid vc_custom_1676210856481\" ><div class=\"wpb_column vc_column_container vc_col-sm-12\"><div class=\"vc_column-inner\"><div class=\"wpb_wrapper\">\n\t<div class=\"wpb_text_column wpb_content_element\" >\n\t\t<div class=\"wpb_wrapper\">\n\t\t\t<h3>Ma\u00eetres de plong\u00e9e PADI<\/h3>\n\n\t\t<\/div>\n\t<\/div>\n<div class=\"vc_row wpb_row vc_inner vc_row-fluid\" ><div class=\"wpb_column vc_column_container vc_col-sm-6\"><div class=\"vc_column-inner\"><div class=\"wpb_wrapper\">\n\t<div  class=\"wpb_single_image wpb_content_element vc_align_left\">\n\t\t\n\t\t<figure class=\"wpb_wrapper vc_figure\">\n\t\t\t<div class=\"vc_single_image-wrapper   vc_box_border_grey\"><img loading=\"lazy\" decoding=\"async\" width=\"1024\" height=\"683\" src=\"https:\/\/skualo-portocolom.com\/wp-content\/uploads\/2023\/03\/DM-1-1024x683.jpeg\" class=\"vc_single_image-img attachment-large\" alt=\"\" srcset=\"https:\/\/skualo-portocolom.com\/wp-content\/uploads\/2023\/03\/DM-1-1024x683.jpeg 1024w, https:\/\/skualo-portocolom.com\/wp-content\/uploads\/2023\/03\/DM-1-300x200.jpeg 300w, https:\/\/skualo-portocolom.com\/wp-content\/uploads\/2023\/03\/DM-1-768x513.jpeg 768w, https:\/\/skualo-portocolom.com\/wp-content\/uploads\/2023\/03\/DM-1-1536x1025.jpeg 1536w\" sizes=\"auto, (max-width: 1024px) 100vw, 1024px\" \/><\/div>\n\t\t<\/figure>\n\t<\/div>\n<\/div><\/div><\/div><div class=\"wpb_column vc_column_container vc_col-sm-6\"><div class=\"vc_column-inner\"><div class=\"wpb_wrapper\">\n\t<div class=\"wpb_text_column wpb_content_element\" >\n\t\t<div class=\"wpb_wrapper\">\n\t\t\t<p>La premi\u00e8re \u00e9tape pour devenir professionnel. En tant que Divemaster, vous \u00eates un leader et pouvez \u00e9galement prendre en charge des parties de la formation d&#039;autres cours sous la supervision d&#039;un instructeur de plong\u00e9e. Vous apprendrez \u00e0 diriger des groupes, \u00e0 g\u00e9rer des situations stressantes et \u00e0 am\u00e9liorer de nombreuses autres comp\u00e9tences.<\/p>\n\n\t\t<\/div>\n\t<\/div>\n<\/div><\/div><\/div><\/div><\/div><\/div><\/div><\/div><div class=\"vc_row wpb_row vc_row-fluid vc_custom_1676210856481\" ><div class=\"wpb_column vc_column_container vc_col-sm-12\"><div class=\"vc_column-inner\"><div class=\"wpb_wrapper\">\n\t<div class=\"wpb_text_column wpb_content_element\" >\n\t\t<div class=\"wpb_wrapper\">\n\t\t\t<h3>Instructeur de plong\u00e9e en eau libre PADI<\/h3>\n\n\t\t<\/div>\n\t<\/div>\n<div class=\"vc_row wpb_row vc_inner vc_row-fluid\" ><div class=\"wpb_column vc_column_container vc_col-sm-6\"><div class=\"vc_column-inner\"><div class=\"wpb_wrapper\">\n\t<div class=\"wpb_text_column wpb_content_element\" >\n\t\t<div class=\"wpb_wrapper\">\n\t\t\t<p>Enseigner activement, transformer votre passe-temps en travail ou simplement ne pas encore \u00e9tancher votre soif de connaissances ? Alors devenez moniteur de plong\u00e9e. Nous proposons diverses options pour vous pr\u00e9parer en cons\u00e9quence, collecter les plong\u00e9es n\u00e9cessaires et accompagner les cours. L&#039;examen a lieu \u00e0 des dates fixes par un examinateur externe de PADI.<\/p>\n\n\t\t<\/div>\n\t<\/div>\n<\/div><\/div><\/div><div class=\"wpb_column vc_column_container vc_col-sm-6\"><div class=\"vc_column-inner\"><div class=\"wpb_wrapper\">\n\t<div  class=\"wpb_single_image wpb_content_element vc_align_left\">\n\t\t\n\t\t<figure class=\"wpb_wrapper vc_figure\">\n\t\t\t<div class=\"vc_single_image-wrapper   vc_box_border_grey\"><img loading=\"lazy\" decoding=\"async\" width=\"996\" height=\"611\" src=\"https:\/\/skualo-portocolom.com\/wp-content\/uploads\/2023\/03\/OWSI.jpeg\" class=\"vc_single_image-img attachment-large\" alt=\"\" srcset=\"https:\/\/skualo-portocolom.com\/wp-content\/uploads\/2023\/03\/OWSI.jpeg 996w, https:\/\/skualo-portocolom.com\/wp-content\/uploads\/2023\/03\/OWSI-300x184.jpeg 300w, https:\/\/skualo-portocolom.com\/wp-content\/uploads\/2023\/03\/OWSI-768x471.jpeg 768w\" sizes=\"auto, (max-width: 996px) 100vw, 996px\" \/><\/div>\n\t\t<\/figure>\n\t<\/div>\n<\/div><\/div><\/div><\/div><\/div><\/div><\/div><\/div><div class=\"vc_row wpb_row vc_row-fluid vc_custom_1676210856481\" ><div class=\"wpb_column vc_column_container vc_col-sm-12\"><div class=\"vc_column-inner\"><div class=\"wpb_wrapper\">\n\t<div class=\"wpb_text_column wpb_content_element\" >\n\t\t<div class=\"wpb_wrapper\">\n\t\t\t<h3>sp\u00e9cialit\u00e9s<\/h3>\n\n\t\t<\/div>\n\t<\/div>\n<div class=\"vc_row wpb_row vc_inner vc_row-fluid\" ><div class=\"wpb_column vc_column_container vc_col-sm-6\"><div class=\"vc_column-inner\"><div class=\"wpb_wrapper\">\n\t<div  class=\"wpb_single_image wpb_content_element vc_align_left\">\n\t\t\n\t\t<figure class=\"wpb_wrapper vc_figure\">\n\t\t\t<div class=\"vc_single_image-wrapper   vc_box_border_grey\"><img loading=\"lazy\" decoding=\"async\" width=\"600\" height=\"250\" src=\"https:\/\/skualo-portocolom.com\/wp-content\/uploads\/2023\/03\/NTX.jpeg\" class=\"vc_single_image-img attachment-large\" alt=\"\" srcset=\"https:\/\/skualo-portocolom.com\/wp-content\/uploads\/2023\/03\/NTX.jpeg 600w, https:\/\/skualo-portocolom.com\/wp-content\/uploads\/2023\/03\/NTX-300x125.jpeg 300w\" sizes=\"auto, (max-width: 600px) 100vw, 600px\" \/><\/div>\n\t\t<\/figure>\n\t<\/div>\n<\/div><\/div><\/div><div class=\"wpb_column vc_column_container vc_col-sm-6\"><div class=\"vc_column-inner\"><div class=\"wpb_wrapper\">\n\t<div class=\"wpb_text_column wpb_content_element\" >\n\t\t<div class=\"wpb_wrapper\">\n\t\t\t<p>&quot;\u00cates-vous particuli\u00e8rement int\u00e9ress\u00e9 par un sujet ou souhaitez-vous vous perfectionner dans un domaine pr\u00e9cis\u00a0? Alors renseignez-vous directement aupr\u00e8s de et sur nos cours sp\u00e9ciaux.<\/p>\n<p>Nous pouvons proposer en permanence :<\/p>\n<p>Bateau, Profond, Nitrox, Fournisseur O2, Nuit, Navigation, \u00c9pave, \u00c9quipement, Flottabilit\u00e9, Recherche &amp; R\u00e9cup\u00e9ration et Sidemount.<\/p>\n<p><a href=\"https:\/\/skualo-portocolom.com\/fr\/?page_id=299\">Pour la plong\u00e9e souterraine, cliquez ici<\/a><\/p>\n<p>Pas la bonne chose? Alors parlez-nous !<\/p>\n<p>Nous vous demandons de comprendre que la plong\u00e9e sous glace et bien d&#039;autres choses ne sont pas possibles avec nous \ud83d\ude09<\/p>\n\n\t\t<\/div>\n\t<\/div>\n<\/div><\/div><\/div><\/div><\/div><\/div><\/div><\/div><div data-vc-full-width=\"true\" data-vc-full-width-init=\"false\" class=\"vc_row wpb_row vc_row-fluid vc_custom_1676211313320 vc_row-has-fill vc_row-o-content-top vc_row-flex\" ><div class=\"wpb_column vc_column_container vc_col-sm-12\"><div class=\"vc_column-inner\"><div class=\"wpb_wrapper\"><section class=\"vc_cta3-container\"><div class=\"vc_general vc_cta3 vc_cta3-style-flat vc_cta3-shape-square vc_cta3-align-left vc_cta3-color-classic vc_cta3-icon-size-xl vc_cta3-icons-right vc_custom_1676220739413\"><div class=\"vc_cta3_content-container\"><div class=\"vc_cta3-content\"><header class=\"vc_cta3-content-header\"><\/header><h3 style=\"text-align: left;\">Tu as une question? Alors appelez-nous, n&#039;est-ce pas ? <a href=\"https:\/\/wa.me\/34661488680\" target=\"_blank\" rel=\"noopener\">envoyez-nous un WhatsApp +34 661 488 680<\/a><\/h3>\n<h3 style=\"text-align: left;\"><\/h3>\n<\/div><\/div><div class=\"vc_cta3-icons\"><div class=\"vc_icon_element vc_icon_element-outer vc_icon_element-align-left\"><div class=\"vc_icon_element-inner vc_icon_element-color-custom vc_icon_element-size-xl vc_icon_element-style- vc_icon_element-background-color-grey\" ><span class=\"vc_icon_element-icon fa fa-whatsapp\" style=\"color:#024998 !important\"><\/span><a class=\"vc_icon_element-link\" href=\"https:\/\/wa.me\/34661488680\"  title=\"\" target=\" _blank\"><\/a><\/div><\/div><\/div><\/div><\/section><\/div><\/div><\/div><\/div><div class=\"vc_row-full-width vc_clearfix\"><\/div><div class=\"vc_row wpb_row vc_row-fluid\" ><div class=\"wpb_column vc_column_container vc_col-sm-12\"><div class=\"vc_column-inner\"><div class=\"wpb_wrapper\">\n\t<div class=\"wpb_text_column wpb_content_element\" >\n\t\t<div class=\"wpb_wrapper\">\n\t\t\t<h3>Questions fr\u00e9quemment pos\u00e9es<\/h3>\n\n\t\t<\/div>\n\t<\/div>\n<div class=\"mkdf-accordion-holder mkdf-ac-default  mkdf-accordion mkdf-ac-boxed  clearfix\">\n\t<h5 class=\"mkdf-accordion-title\">\n    <span class=\"mkdf-accordion-mark\">\n\t\t<span class=\"mkdf_icon_plus icon_plus\"><\/span>\n\t\t<span class=\"mkdf_icon_minus icon_minus-06\"><\/span>\n\t<\/span>\n\t<span class=\"mkdf-tab-title\">Quelles conditions dois-je remplir pour participer aux cours ?<\/span>\n<\/h5>\n<div class=\"mkdf-accordion-content\">\n\t<div class=\"mkdf-accordion-content-inner\">\n\t\t\n\t<div class=\"wpb_text_column wpb_content_element\" >\n\t\t<div class=\"wpb_wrapper\">\n\t\t\t<p>\u00c0 l&#039;exception de l&#039;Open Water Diver, un cours de plong\u00e9e termin\u00e9 doit \u00eatre prouv\u00e9 au pr\u00e9alable pour tous les autres cours.<\/p>\n<p>L&#039;assurance est obligatoire en Espagne pour couvrir les soins hyperbares en cas d&#039;accident de plong\u00e9e.<\/p>\n<p>Lors de l&#039;inscription, chaque plongeur signe qu&#039;il dispose d&#039;un certificat d&#039;un m\u00e9decin confirmant qu&#039;il est apte \u00e0 plonger et remplit un questionnaire expliquant son \u00e9tat de sant\u00e9 actuel.<\/p>\n<p>Si vous avez moins de 18 ans, un tuteur l\u00e9gal doit se pr\u00e9senter \u00e0 la base pour signer.<\/p>\n<p>De plus, certains cours ont des pr\u00e9requis suppl\u00e9mentaires. Si vous avez des questions, veuillez nous contacter.<\/p>\n\n\t\t<\/div>\n\t<\/div>\n\t<\/div>\n<\/div><h5 class=\"mkdf-accordion-title\">\n    <span class=\"mkdf-accordion-mark\">\n\t\t<span class=\"mkdf_icon_plus icon_plus\"><\/span>\n\t\t<span class=\"mkdf_icon_minus icon_minus-06\"><\/span>\n\t<\/span>\n\t<span class=\"mkdf-tab-title\">Je n&#039;ai pas plong\u00e9 depuis 1 an ou plus. Dois-je suivre un cours de remise \u00e0 niveau ?<\/span>\n<\/h5>\n<div class=\"mkdf-accordion-content\">\n\t<div class=\"mkdf-accordion-content-inner\">\n\t\t\n\t<div class=\"wpb_text_column wpb_content_element\" >\n\t\t<div class=\"wpb_wrapper\">\n\t\t\t<p>Vous ne remarquez m\u00eame pas combien vous oubliez au fil du temps. Parlez-nous et nous serons heureux de clarifier si un cours de remise \u00e0 niveau est n\u00e9cessaire dans votre cas individuel.<\/p>\n\n\t\t<\/div>\n\t<\/div>\n\t<\/div>\n<\/div><h5 class=\"mkdf-accordion-title\">\n    <span class=\"mkdf-accordion-mark\">\n\t\t<span class=\"mkdf_icon_plus icon_plus\"><\/span>\n\t\t<span class=\"mkdf_icon_minus icon_minus-06\"><\/span>\n\t<\/span>\n\t<span class=\"mkdf-tab-title\">Je n&#039;ai pas de licence de plong\u00e9e ou je ne peux pas le prouver. Puis-je encore participer ?<\/span>\n<\/h5>\n<div class=\"mkdf-accordion-content\">\n\t<div class=\"mkdf-accordion-content-inner\">\n\t\t\n\t<div class=\"wpb_text_column wpb_content_element\" >\n\t\t<div class=\"wpb_wrapper\">\n\t\t\t<p>Certaines organisations ont des certifications qui peuvent \u00eatre consult\u00e9es en ligne. Sinon, vous \u00eates invit\u00e9s \u00e0 participer \u00e0 nos plong\u00e9es d&#039;initiation ou \u00e0 suivre un cours Open Water Diver avec nous.<\/p>\n\n\t\t<\/div>\n\t<\/div>\n\t<\/div>\n<\/div><\/div><\/div><\/div><\/div><\/div>","protected":false},"excerpt":{"rendered":"Cours de plong\u00e9eVisitez l&#039;un de nos nombreux coursR\u00e9servez maintenant - Une r\u00e9servation est n\u00e9cessaire pour participer \u00e0 nos activit\u00e9s PADI Open Water Diver - environ 3 jours Le cours parfait pour d\u00e9buter, o\u00f9 vous apprenez \u00e0 plonger de mani\u00e8re autonome en \u00e9quipe. \u00c0 la fin [...]","protected":false},"author":2,"featured_media":0,"parent":43,"menu_order":0,"comment_status":"closed","ping_status":"closed","template":"","meta":{"footnotes":""},"class_list":["post-517","page","type-page","status-publish","hentry"],"_links":{"self":[{"href":"https:\/\/skualo-portocolom.com\/fr\/wp-json\/wp\/v2\/pages\/517","targetHints":{"allow":["GET"]}}],"collection":[{"href":"https:\/\/skualo-portocolom.com\/fr\/wp-json\/wp\/v2\/pages"}],"about":[{"href":"https:\/\/skualo-portocolom.com\/fr\/wp-json\/wp\/v2\/types\/page"}],"author":[{"embeddable":true,"href":"https:\/\/skualo-portocolom.com\/fr\/wp-json\/wp\/v2\/users\/2"}],"replies":[{"embeddable":true,"href":"https:\/\/skualo-portocolom.com\/fr\/wp-json\/wp\/v2\/comments?post=517"}],"version-history":[{"count":0,"href":"https:\/\/skualo-portocolom.com\/fr\/wp-json\/wp\/v2\/pages\/517\/revisions"}],"up":[{"embeddable":true,"href":"https:\/\/skualo-portocolom.com\/fr\/wp-json\/wp\/v2\/pages\/43"}],"wp:attachment":[{"href":"https:\/\/skualo-portocolom.com\/fr\/wp-json\/wp\/v2\/media?parent=517"}],"curies":[{"name":"wp","href":"https:\/\/api.w.org\/{rel}","templated":true}]}}