{"id":500,"date":"2023-02-12T12:35:59","date_gmt":"2023-02-12T12:35:59","guid":{"rendered":"https:\/\/skualo-portocolom.com\/?page_id=500"},"modified":"2023-03-26T10:20:56","modified_gmt":"2023-03-26T10:20:56","slug":"schnuppertauchen","status":"publish","type":"page","link":"https:\/\/skualo-portocolom.com\/fr\/activity\/schnuppertauchen\/","title":{"rendered":"Plong\u00e9e d&#039;essai"},"content":{"rendered":"<div data-vc-full-width=\"true\" data-vc-full-width-init=\"false\" class=\"vc_row wpb_row vc_row-fluid vc_custom_1677688471340 vc_row-has-fill\" ><div class=\"wpb_column vc_column_container vc_col-sm-12\"><div class=\"vc_column-inner\"><div class=\"wpb_wrapper\"><div class=\"vc_empty_space\"   style=\"height: 20em\"><span class=\"vc_empty_space_inner\"><\/span><\/div><h2 style=\"font-size: 3em;color: #ffffff;text-align: left;font-family:Contrail One;font-weight:400;font-style:normal\" class=\"vc_custom_heading\" >Plong\u00e9e d&#039;essai<\/h2><h2 style=\"font-size: 2em;color: #ffffff;text-align: left;font-family:Contrail One;font-weight:400;font-style:normal\" class=\"vc_custom_heading\" >Essayez ce que c&#039;est que de respirer sous l&#039;eau<\/h2><\/div><\/div><\/div><\/div><div class=\"vc_row-full-width vc_clearfix\"><\/div><div data-vc-full-width=\"true\" data-vc-full-width-init=\"false\" class=\"vc_row wpb_row vc_row-fluid vc_custom_1676205872664 vc_row-has-fill\" ><div class=\"wpb_column vc_column_container vc_col-sm-12\"><div class=\"vc_column-inner\"><div class=\"wpb_wrapper\"><section class=\"vc_cta3-container\"><div class=\"vc_general vc_cta3 vc_cta3-style-flat vc_cta3-shape-square vc_cta3-align-left vc_cta3-color-classic vc_cta3-icon-size-xl vc_cta3-icons-right vc_custom_1676209563125\"><div class=\"vc_cta3_content-container\"><div class=\"vc_cta3-content\"><header class=\"vc_cta3-content-header\"><\/header><h3 style=\"text-align: left;\"><a href=\"https:\/\/skualo-portocolom.com\/fr\/?page_id=50\">R\u00e9servez maintenant \u2013 Les r\u00e9servations sont obligatoires pour participer \u00e0 nos activit\u00e9s<\/a><\/h3>\n<\/div><\/div><div class=\"vc_cta3-icons\"><div class=\"vc_icon_element vc_icon_element-outer vc_icon_element-align-left\"><div class=\"vc_icon_element-inner vc_icon_element-color-custom vc_icon_element-size-xl vc_icon_element-style- vc_icon_element-background-color-grey\" ><span class=\"vc_icon_element-icon fa fa-shopping-cart\" style=\"color:#024998 !important\"><\/span><a class=\"vc_icon_element-link\" href=\"https:\/\/skualo-portocolom.com\/fr\/?page_id=50\"  title=\"cours de plong\u00e9e\" target=\"_self\"><\/a><\/div><\/div><\/div><\/div><\/section><\/div><\/div><\/div><\/div><div class=\"vc_row-full-width vc_clearfix\"><\/div><div class=\"vc_row wpb_row vc_row-fluid\" ><div class=\"wpb_column vc_column_container vc_col-sm-12\"><div class=\"vc_column-inner\"><div class=\"wpb_wrapper\">\n\t<div class=\"wpb_text_column wpb_content_element\" >\n\t\t<div class=\"wpb_wrapper\">\n\t\t\t<h3>Plong\u00e9e d&#039;essai<\/h3>\n\n\t\t<\/div>\n\t<\/div>\n<div class=\"vc_row wpb_row vc_inner vc_row-fluid\" ><div class=\"wpb_column vc_column_container vc_col-sm-6\"><div class=\"vc_column-inner\"><div class=\"wpb_wrapper\">\n\t<div class=\"wpb_text_column wpb_content_element\" >\n\t\t<div class=\"wpb_wrapper\">\n\t\t\t<p>Commencez votre aventure maintenant et apprenez \u00e0 respirer sous l&#039;eau avec nous. \u00c0 l&#039;avance, nous expliquons exactement comment tout fonctionne et \u00e0 quoi nous pr\u00eatons attention. De nombreuses petites demoiselles et bien s\u00fbr nos moniteurs de plong\u00e9e vous accompagneront lors de votre bapt\u00eame de plong\u00e9e. Les dorades s&#039;assoient souvent dans les si\u00e8ges des spectateurs pendant que nous vous montrons comment utiliser l&#039;\u00e9quipement sous l&#039;eau. En explorant le site de plong\u00e9e, nous passons devant la maison des poulpes, des mur\u00e8nes et des \u00e9toiles de mer. Eh bien, curieux de savoir si quelqu&#039;un est \u00e0 la maison\u00a0? Alors inscrivez-vous maintenant.<\/p>\n\n\t\t<\/div>\n\t<\/div>\n<\/div><\/div><\/div><div class=\"wpb_column vc_column_container vc_col-sm-6\"><div class=\"vc_column-inner\"><div class=\"wpb_wrapper\">\n\t<div class=\"wpb_video_widget wpb_content_element vc_clearfix   vc_video-aspect-ratio-169 vc_video-el-width-100 vc_video-align-left\" >\n\t\t<div class=\"wpb_wrapper\">\n\t\t\t\n\t\t\t<div class=\"wpb_video_wrapper\"><iframe loading=\"lazy\" title=\"Timelapse - Phare (octobre 2012)\" src=\"https:\/\/player.vimeo.com\/video\/51589652?h=836062ff9b&amp;dnt=1&amp;app_id=122963\" width=\"1100\" height=\"619\" frameborder=\"0\" allow=\"autoplay; fullscreen; picture-in-picture\" allowfullscreen><\/iframe><\/div>\n\t\t<\/div>\n\t<\/div>\n<\/div><\/div><\/div><\/div><\/div><\/div><\/div><\/div><div class=\"vc_row wpb_row vc_row-fluid vc_custom_1676206149999\" ><div class=\"wpb_column vc_column_container vc_col-sm-3\"><div class=\"vc_column-inner\"><div class=\"wpb_wrapper\"><div class=\"mkdf-iwt clearfix  mkdf-iwt-icon-top mkdf-iwt-icon-huge\">\n\t<div class=\"mkdf-iwt-icon\">\n\t\t\t\t\t\t\t\t\t    <span class=\"mkdf-icon-shortcode mkdf-normal   mkdf-icon-huge\"  data-hover-color=\"#c20e1a\" data-color=\"#024998\">\n                    <i class=\"mkdf-icon-font-awesome fa fa-clock-o mkdf-icon-element\" style=\"color: #024998\" ><\/i>            <\/span>\n\t\t\t\t\t\t<\/div>\n\t<div class=\"mkdf-iwt-content\" >\n\t\t\t\t\t<h4 class=\"mkdf-iwt-title\" >\n\t\t\t\t\t\t\t\t<span class=\"mkdf-iwt-title-text\">Une longueur de temps<\/span>\n\t\t\t\t\t\t\t<\/h4>\n\t\t\t\t\t\t\t<p class=\"mkdf-iwt-text\" >Au total, vous \u00eates avec nous pendant environ 3 heures. Nous sommes dans l&#039;eau pendant environ 45 minutes, selon votre consommation d&#039;air<\/p>\n\t\t\t<\/div>\n<\/div><\/div><\/div><\/div><div class=\"wpb_column vc_column_container vc_col-sm-3\"><div class=\"vc_column-inner\"><div class=\"wpb_wrapper\"><div class=\"mkdf-iwt clearfix  mkdf-iwt-icon-top mkdf-iwt-icon-huge\">\n\t<div class=\"mkdf-iwt-icon\">\n\t\t\t\t\t\t\t\t\t    <span class=\"mkdf-icon-shortcode mkdf-normal   mkdf-icon-huge\"  data-hover-color=\"#c20e1a\" data-color=\"#024998\">\n                    <i class=\"mkdf-icon-font-awesome fa fa-shield mkdf-icon-element\" style=\"color: #024998\" ><\/i>            <\/span>\n\t\t\t\t\t\t<\/div>\n\t<div class=\"mkdf-iwt-content\" >\n\t\t\t\t\t<h4 class=\"mkdf-iwt-title\" >\n\t\t\t\t\t\t\t\t<span class=\"mkdf-iwt-title-text\">s\u00e9curis\u00e9<\/span>\n\t\t\t\t\t\t\t<\/h4>\n\t\t\t\t\t\t\t<p class=\"mkdf-iwt-text\" >Vous \u00eates enti\u00e8rement assur\u00e9 par notre interm\u00e9diaire et nous sommes toujours \u00e0 proximit\u00e9 pour vous assurer une exp\u00e9rience en toute s\u00e9curit\u00e9. Bien s\u00fbr, le plaisir ne manque pas non plus ; - )<\/p>\n\t\t\t<\/div>\n<\/div><\/div><\/div><\/div><div class=\"wpb_column vc_column_container vc_col-sm-3\"><div class=\"vc_column-inner\"><div class=\"wpb_wrapper\"><div class=\"mkdf-iwt clearfix  mkdf-iwt-icon-top mkdf-iwt-icon-huge\">\n\t<div class=\"mkdf-iwt-icon\">\n\t\t\t\t\t\t\t\t\t    <span class=\"mkdf-icon-shortcode mkdf-normal   mkdf-icon-huge\"  data-hover-color=\"#c20e1a\" data-color=\"#024998\">\n                    <i class=\"mkdf-icon-font-awesome fa fa-language mkdf-icon-element\" style=\"color: #024998\" ><\/i>            <\/span>\n\t\t\t\t\t\t<\/div>\n\t<div class=\"mkdf-iwt-content\" >\n\t\t\t\t\t<h4 class=\"mkdf-iwt-title\" >\n\t\t\t\t\t\t\t\t<span class=\"mkdf-iwt-title-text\">Multilingue<\/span>\n\t\t\t\t\t\t\t<\/h4>\n\t\t\t\t\t\t\t<p class=\"mkdf-iwt-text\" >Nous parlons votre langue. En termes simples et compr\u00e9hensibles, nous vous expliquerons comment tout fonctionne en anglais, espagnol, fran\u00e7ais ou allemand<\/p>\n\t\t\t<\/div>\n<\/div><\/div><\/div><\/div><div class=\"wpb_column vc_column_container vc_col-sm-3\"><div class=\"vc_column-inner\"><div class=\"wpb_wrapper\"><div class=\"mkdf-iwt clearfix  mkdf-iwt-icon-top mkdf-iwt-icon-huge\">\n\t<div class=\"mkdf-iwt-icon\">\n\t\t\t\t\t\t\t\t\t    <span class=\"mkdf-icon-shortcode mkdf-normal   mkdf-icon-huge\"  data-hover-color=\"#c20e1a\" data-color=\"#024998\">\n                    <i class=\"mkdf-icon-dripicons dripicon dripicons-anchor mkdf-icon-element\" style=\"color: #024998\" ><\/i>            <\/span>\n\t\t\t\t\t\t<\/div>\n\t<div class=\"mkdf-iwt-content\" >\n\t\t\t\t\t<h4 class=\"mkdf-iwt-title\" >\n\t\t\t\t\t\t\t\t<span class=\"mkdf-iwt-title-text\">bateau<\/span>\n\t\t\t\t\t\t\t<\/h4>\n\t\t\t\t\t\t\t<p class=\"mkdf-iwt-text\" >Toutes nos plong\u00e9es se d\u00e9roulent en bateau. Une \u00e9chelle pratique facilite l&#039;embarquement et la descente<\/p>\n\t\t\t<\/div>\n<\/div><\/div><\/div><\/div><\/div><div data-vc-full-width=\"true\" data-vc-full-width-init=\"false\" class=\"vc_row wpb_row vc_row-fluid vc_custom_1676206364900 vc_row-has-fill\" ><div class=\"wpb_column vc_column_container vc_col-sm-12\"><div class=\"vc_column-inner\"><div class=\"wpb_wrapper\"><section class=\"vc_cta3-container\"><div class=\"vc_general vc_cta3 vc_cta3-style-flat vc_cta3-shape-square vc_cta3-align-left vc_cta3-color-classic vc_cta3-icon-size-xl vc_cta3-icons-right vc_custom_1676220650586\"><div class=\"vc_cta3_content-container\"><div class=\"vc_cta3-content\"><header class=\"vc_cta3-content-header\"><\/header><h3 style=\"text-align: left;\">Tu as une question? Alors appelez-nous, n&#039;est-ce pas ? <a href=\"https:\/\/wa.me\/34661488680\" target=\"_blank\" rel=\"noopener\">envoyez-nous un WhatsApp +34 661 488 680<\/a><\/h3>\n<\/div><\/div><div class=\"vc_cta3-icons\"><div class=\"vc_icon_element vc_icon_element-outer vc_icon_element-align-left\"><div class=\"vc_icon_element-inner vc_icon_element-color-custom vc_icon_element-size-xl vc_icon_element-style- vc_icon_element-background-color-grey\" ><span class=\"vc_icon_element-icon fa fa-whatsapp\" style=\"color:#024998 !important\"><\/span><a class=\"vc_icon_element-link\" href=\"https:\/\/wa.me\/34661488680\"  title=\"\" target=\" _blank\"><\/a><\/div><\/div><\/div><\/div><\/section><\/div><\/div><\/div><\/div><div class=\"vc_row-full-width vc_clearfix\"><\/div><div class=\"vc_row wpb_row vc_row-fluid\" ><div class=\"wpb_column vc_column_container vc_col-sm-12\"><div class=\"vc_column-inner\"><div class=\"wpb_wrapper\">\n\t<div class=\"wpb_text_column wpb_content_element\" >\n\t\t<div class=\"wpb_wrapper\">\n\t\t\t<h3>Populaire<\/h3>\n\n\t\t<\/div>\n\t<\/div>\n<div class=\"vc_row wpb_row vc_inner vc_row-fluid\" ><div class=\"wpb_column vc_column_container vc_col-sm-4\"><div class=\"vc_column-inner vc_custom_1676206752514\"><div class=\"wpb_wrapper\"><div class=\"mkdf-interactive-boxes-holder\">\n    <div class=\"mkdf-ib-text-holder\">\n                <h4 class=\"mkdf-ib-title\" >cours de plong\u00e9e<\/h4>\n                        <p class=\"mkdf-ib-text\" >Open Water Diver \u2013 le cours pour d\u00e9butants<\/p>\n                         <a itemprop=\"url\" href=\"https:\/\/skualo-portocolom.com\/fr\/?page_id=517\" target=\"_self\" class=\"mkdf-ib-link-text\" >\n             <span class=\"mkdf-ib-link-label\">apprendre encore plus<\/span>\n         <\/a>\n            <\/div>\n    <div class=\"mkdf-ib-image\">\n                    <a itemprop=\"url\" href=\"https:\/\/skualo-portocolom.com\/fr\/?page_id=517\" target=\"_self\">\n                <img loading=\"lazy\" decoding=\"async\" width=\"150\" height=\"150\" src=\"https:\/\/skualo-portocolom.com\/wp-content\/uploads\/2023\/03\/OWD-150x150.jpeg\" class=\"attachment-thumbnail size-thumbnail\" alt=\"\" srcset=\"https:\/\/skualo-portocolom.com\/wp-content\/uploads\/2023\/03\/OWD-150x150.jpeg 150w, https:\/\/skualo-portocolom.com\/wp-content\/uploads\/2023\/03\/OWD-550x550.jpeg 550w, https:\/\/skualo-portocolom.com\/wp-content\/uploads\/2023\/03\/OWD-1100x1100.jpeg 1100w\" sizes=\"auto, (max-width: 150px) 100vw, 150px\" \/>                    <\/a>\n            <\/div>\n<\/div><\/div><\/div><\/div><div class=\"wpb_column vc_column_container vc_col-sm-4\"><div class=\"vc_column-inner vc_custom_1676207132639\"><div class=\"wpb_wrapper\"><div class=\"mkdf-interactive-boxes-holder\">\n    <div class=\"mkdf-ib-text-holder\">\n                <h4 class=\"mkdf-ib-title\" >plong\u00e9e en apn\u00e9e<\/h4>\n                        <p class=\"mkdf-ib-text\" >Pour toute la famille<\/p>\n                         <a itemprop=\"url\" href=\"https:\/\/skualo-portocolom.com\/fr\/?page_id=524\" target=\"_self\" class=\"mkdf-ib-link-text\" >\n             <span class=\"mkdf-ib-link-label\">apprendre encore plus<\/span>\n         <\/a>\n            <\/div>\n    <div class=\"mkdf-ib-image\">\n                    <a itemprop=\"url\" href=\"https:\/\/skualo-portocolom.com\/fr\/?page_id=524\" target=\"_self\">\n                <img loading=\"lazy\" decoding=\"async\" width=\"150\" height=\"150\" src=\"https:\/\/skualo-portocolom.com\/wp-content\/uploads\/2023\/03\/7.1-150x150.jpeg\" class=\"attachment-thumbnail size-thumbnail\" alt=\"\" srcset=\"https:\/\/skualo-portocolom.com\/wp-content\/uploads\/2023\/03\/7.1-150x150.jpeg 150w, https:\/\/skualo-portocolom.com\/wp-content\/uploads\/2023\/03\/7.1-550x550.jpeg 550w, https:\/\/skualo-portocolom.com\/wp-content\/uploads\/2023\/03\/7.1-1100x1100.jpeg 1100w\" sizes=\"auto, (max-width: 150px) 100vw, 150px\" \/>                    <\/a>\n            <\/div>\n<\/div><\/div><\/div><\/div><div class=\"wpb_column vc_column_container vc_col-sm-4\"><div class=\"vc_column-inner vc_custom_1676207148821\"><div class=\"wpb_wrapper\"><div class=\"mkdf-interactive-boxes-holder\">\n    <div class=\"mkdf-ib-text-holder\">\n                <h4 class=\"mkdf-ib-title\" >La grotte marine<\/h4>\n                        <p class=\"mkdf-ib-text\" >Notre aventure dans la grotte des pirates est unique<\/p>\n                         <a itemprop=\"url\" href=\"https:\/\/skualo-portocolom.com\/fr\/?page_id=528\" target=\"_self\" class=\"mkdf-ib-link-text\" >\n             <span class=\"mkdf-ib-link-label\">apprendre encore plus<\/span>\n         <\/a>\n            <\/div>\n    <div class=\"mkdf-ib-image\">\n                    <a itemprop=\"url\" href=\"https:\/\/skualo-portocolom.com\/fr\/?page_id=528\" target=\"_self\">\n                <img loading=\"lazy\" decoding=\"async\" width=\"150\" height=\"150\" src=\"https:\/\/skualo-portocolom.com\/wp-content\/uploads\/2023\/03\/6.1-150x150.jpeg\" class=\"attachment-thumbnail size-thumbnail\" alt=\"\" srcset=\"https:\/\/skualo-portocolom.com\/wp-content\/uploads\/2023\/03\/6.1-150x150.jpeg 150w, https:\/\/skualo-portocolom.com\/wp-content\/uploads\/2023\/03\/6.1-550x550.jpeg 550w, https:\/\/skualo-portocolom.com\/wp-content\/uploads\/2023\/03\/6.1-1100x1100.jpeg 1100w\" sizes=\"auto, (max-width: 150px) 100vw, 150px\" \/>                    <\/a>\n            <\/div>\n<\/div><\/div><\/div><\/div><\/div><\/div><\/div><\/div><\/div><div class=\"vc_row wpb_row vc_row-fluid\" ><div class=\"wpb_column vc_column_container vc_col-sm-12\"><div class=\"vc_column-inner\"><div class=\"wpb_wrapper\">\n\t<div class=\"wpb_text_column wpb_content_element\" >\n\t\t<div class=\"wpb_wrapper\">\n\t\t\t<h3>Questions fr\u00e9quemment pos\u00e9es<\/h3>\n\n\t\t<\/div>\n\t<\/div>\n<div class=\"mkdf-accordion-holder mkdf-ac-default  mkdf-accordion mkdf-ac-boxed  clearfix\">\n\t<h5 class=\"mkdf-accordion-title\">\n    <span class=\"mkdf-accordion-mark\">\n\t\t<span class=\"mkdf_icon_plus icon_plus\"><\/span>\n\t\t<span class=\"mkdf_icon_minus icon_minus-06\"><\/span>\n\t<\/span>\n\t<span class=\"mkdf-tab-title\">Quelles conditions dois-je remplir pour participer \u00e0 la plong\u00e9e d&#039;initiation ?<\/span>\n<\/h5>\n<div class=\"mkdf-accordion-content\">\n\t<div class=\"mkdf-accordion-content-inner\">\n\t\t\n\t<div class=\"wpb_text_column wpb_content_element\" >\n\t\t<div class=\"wpb_wrapper\">\n\t\t\t<p>Vous devez savoir nager et \u00eatre \u00e0 l&#039;aise dans l&#039;eau.<\/p>\n<p>Lors de l&#039;inscription, chaque plongeur signe qu&#039;il dispose d&#039;un certificat d&#039;un m\u00e9decin confirmant qu&#039;il est apte \u00e0 plonger et remplit un questionnaire expliquant son \u00e9tat de sant\u00e9 actuel.<\/p>\n<p>Si vous avez moins de 18 ans, un tuteur l\u00e9gal doit se pr\u00e9senter \u00e0 la base pour signer.<\/p>\n\n\t\t<\/div>\n\t<\/div>\n\t<\/div>\n<\/div><h5 class=\"mkdf-accordion-title\">\n    <span class=\"mkdf-accordion-mark\">\n\t\t<span class=\"mkdf_icon_plus icon_plus\"><\/span>\n\t\t<span class=\"mkdf_icon_minus icon_minus-06\"><\/span>\n\t<\/span>\n\t<span class=\"mkdf-tab-title\">Que peuvent faire ma famille ou mes amis pendant cette p\u00e9riode ?<\/span>\n<\/h5>\n<div class=\"mkdf-accordion-content\">\n\t<div class=\"mkdf-accordion-content-inner\">\n\t\t\n\t<div class=\"wpb_text_column wpb_content_element\" >\n\t\t<div class=\"wpb_wrapper\">\n\t\t\t<p>Vous \u00eates les bienvenus pour venir plonger avec nous. Nous allons g\u00e9n\u00e9ralement au m\u00eame endroit, donc si vous le souhaitez, notre guide de snorkeling restera au-dessus des plongeurs d&#039;essai pour les observer. Bien s\u00fbr, vous pouvez \u00e9galement louer un kayak.<\/p>\n\n\t\t<\/div>\n\t<\/div>\n\t<\/div>\n<\/div><h5 class=\"mkdf-accordion-title\">\n    <span class=\"mkdf-accordion-mark\">\n\t\t<span class=\"mkdf_icon_plus icon_plus\"><\/span>\n\t\t<span class=\"mkdf_icon_minus icon_minus-06\"><\/span>\n\t<\/span>\n\t<span class=\"mkdf-tab-title\">Je n&#039;ai pas d&#039;exp\u00e9rience. Puis-je encore participer ?<\/span>\n<\/h5>\n<div class=\"mkdf-accordion-content\">\n\t<div class=\"mkdf-accordion-content-inner\">\n\t\t\n\t<div class=\"wpb_text_column wpb_content_element\" >\n\t\t<div class=\"wpb_wrapper\">\n\t\t\t<p>La plong\u00e9e d&#039;essai s&#039;adresse \u00e0 tous ceux qui n&#039;ont jamais plong\u00e9 auparavant, qui n&#039;ont pas encore de licence de plong\u00e9e ou qui ne peuvent pas prouver qu&#039;ils ont suivi un cours de plong\u00e9e.<\/p>\n\n\t\t<\/div>\n\t<\/div>\n\t<\/div>\n<\/div><\/div><\/div><\/div><\/div><\/div><div class=\"vc_row wpb_row vc_row-fluid\" ><div class=\"wpb_column vc_column_container vc_col-sm-12\"><div class=\"vc_column-inner\"><div class=\"wpb_wrapper\"><div class=\"vc_empty_space\"   style=\"height: 5em\"><span class=\"vc_empty_space_inner\"><\/span><\/div><\/div><\/div><\/div><\/div>","protected":false},"excerpt":{"rendered":"Trial DivingEssayez ce que c&#039;est que de respirer sous l&#039;eauR\u00e9servez maintenant - une r\u00e9servation est requise pour participer \u00e0 nos activit\u00e9s Trial Diving Commencez votre aventure maintenant et apprenez \u00e0 respirer sous l&#039;eau avec nous. Au pr\u00e9alable, nous vous expliquerons exactement comment [...]","protected":false},"author":2,"featured_media":0,"parent":43,"menu_order":0,"comment_status":"closed","ping_status":"closed","template":"","meta":{"footnotes":""},"class_list":["post-500","page","type-page","status-publish","hentry"],"_links":{"self":[{"href":"https:\/\/skualo-portocolom.com\/fr\/wp-json\/wp\/v2\/pages\/500","targetHints":{"allow":["GET"]}}],"collection":[{"href":"https:\/\/skualo-portocolom.com\/fr\/wp-json\/wp\/v2\/pages"}],"about":[{"href":"https:\/\/skualo-portocolom.com\/fr\/wp-json\/wp\/v2\/types\/page"}],"author":[{"embeddable":true,"href":"https:\/\/skualo-portocolom.com\/fr\/wp-json\/wp\/v2\/users\/2"}],"replies":[{"embeddable":true,"href":"https:\/\/skualo-portocolom.com\/fr\/wp-json\/wp\/v2\/comments?post=500"}],"version-history":[{"count":0,"href":"https:\/\/skualo-portocolom.com\/fr\/wp-json\/wp\/v2\/pages\/500\/revisions"}],"up":[{"embeddable":true,"href":"https:\/\/skualo-portocolom.com\/fr\/wp-json\/wp\/v2\/pages\/43"}],"wp:attachment":[{"href":"https:\/\/skualo-portocolom.com\/fr\/wp-json\/wp\/v2\/media?parent=500"}],"curies":[{"name":"wp","href":"https:\/\/api.w.org\/{rel}","templated":true}]}}