{"id":299,"date":"2023-02-11T17:32:48","date_gmt":"2023-02-11T17:32:48","guid":{"rendered":"https:\/\/skualo-portocolom.com\/?page_id=299"},"modified":"2023-04-17T15:18:53","modified_gmt":"2023-04-17T15:18:53","slug":"hohlentauchen","status":"publish","type":"page","link":"https:\/\/skualo-portocolom.com\/fr\/hohlentauchen\/","title":{"rendered":"plong\u00e9e sp\u00e9l\u00e9o"},"content":{"rendered":"<div data-vc-full-width=\"true\" data-vc-full-width-init=\"false\" class=\"vc_row wpb_row vc_row-fluid vc_custom_1677688362597 vc_row-has-fill vc_row-o-content-bottom vc_row-flex\" style=\"background-color:#fed131\"><div class=\"wpb_column vc_column_container vc_col-sm-12\"><div class=\"vc_column-inner\"><div class=\"wpb_wrapper\"><div class=\"vc_empty_space\"   style=\"height: 20em\"><span class=\"vc_empty_space_inner\"><\/span><\/div><h2 style=\"font-size: 3em;color: #ffffff;text-align: left;font-family:Contrail One;font-weight:400;font-style:normal\" class=\"vc_custom_heading\" >plong\u00e9e sp\u00e9l\u00e9o<\/h2><h2 style=\"font-size: 2em;color: #ffffff;text-align: left;font-family:Contrail One;font-weight:400;font-style:normal\" class=\"vc_custom_heading\" >Fascination pure<\/h2><\/div><\/div><\/div><\/div><div class=\"vc_row-full-width vc_clearfix\"><\/div><div data-vc-full-width=\"true\" data-vc-full-width-init=\"false\" class=\"vc_row wpb_row vc_row-fluid vc_custom_1676195003579 vc_row-has-fill\" ><div class=\"wpb_column vc_column_container vc_col-sm-12\"><div class=\"vc_column-inner\"><div class=\"wpb_wrapper\"><section class=\"vc_cta3-container\"><div class=\"vc_general vc_cta3 vc_cta3-style-flat vc_cta3-shape-square vc_cta3-align-left vc_cta3-color-classic vc_cta3-icon-size-xl vc_cta3-icons-right vc_custom_1676210480583\"><div class=\"vc_cta3_content-container\"><div class=\"vc_cta3-content\"><header class=\"vc_cta3-content-header\"><\/header><h3 style=\"text-align: left;\"><a href=\"https:\/\/skualo-portocolom.com\/fr\/?page_id=50\">R\u00e9servez maintenant \u2013 Les r\u00e9servations sont obligatoires pour participer \u00e0 nos activit\u00e9s<\/a><\/h3>\n<\/div><\/div><div class=\"vc_cta3-icons\"><div class=\"vc_icon_element vc_icon_element-outer vc_icon_element-align-left\"><div class=\"vc_icon_element-inner vc_icon_element-color-custom vc_icon_element-size-xl vc_icon_element-style- vc_icon_element-background-color-grey\" ><span class=\"vc_icon_element-icon fa fa-shopping-cart\" style=\"color:#024998 !important\"><\/span><a class=\"vc_icon_element-link\" href=\"https:\/\/skualo-portocolom.com\/fr\/?page_id=50\"  title=\"Contact\" target=\"_self\"><\/a><\/div><\/div><\/div><\/div><\/section><\/div><\/div><\/div><\/div><div class=\"vc_row-full-width vc_clearfix\"><\/div><div class=\"vc_row wpb_row vc_row-fluid vc_custom_1676193713632 vc_row-has-fill\" ><div class=\"wpb_column vc_column_container vc_col-sm-12\"><div class=\"vc_column-inner\"><div class=\"wpb_wrapper\">\n\t<div class=\"wpb_text_column wpb_content_element\" >\n\t\t<div class=\"wpb_wrapper\">\n\t\t\t<p>La plong\u00e9e souterraine est l&#039;une des sp\u00e9cialit\u00e9s les plus fascinantes de la plong\u00e9e. Une formation et un leadership s\u00e9rieux et professionnels sont essentiels ici\u00a0! Ici \u00e0 Majorque, les grottes sont sous protection de la nature, car elles abritent souvent des stalagmites et des stalactites vieilles de millions d&#039;ann\u00e9es. C&#039;est pourquoi nous proposons des formations et des plong\u00e9es guid\u00e9es en configuration sidemount. C&#039;est ainsi que l&#039;on pourra prot\u00e9ger au mieux la d\u00e9coration et notamment les stalactites accroch\u00e9es au plafond. Nos grottes n&#039;offrent souvent pas une grande zone d&#039;entr\u00e9e, c&#039;est pourquoi nous recommandons la combinaison de Sidemount, Cavern et Cave Diver comme cours ou certification \u00e0 apporter avec vous. Bien s\u00fbr, nous proposons \u00e9galement des plong\u00e9es guid\u00e9es et des formations pour les plongeurs sp\u00e9l\u00e9o.<\/p>\n\n\t\t<\/div>\n\t<\/div>\n<\/div><\/div><\/div><\/div><div class=\"vc_row wpb_row vc_row-fluid vc_custom_1676193703452 vc_row-has-fill\" ><div class=\"wpb_column vc_column_container vc_col-sm-4\"><div class=\"vc_column-inner\"><div class=\"wpb_wrapper\"><div class=\"mkdf-iwt clearfix  mkdf-iwt-icon-top mkdf-iwt-icon-huge\">\n\t<div class=\"mkdf-iwt-icon\">\n\t\t\t\t\t\t\t\t\t    <span class=\"mkdf-icon-shortcode mkdf-normal   mkdf-icon-huge\"  data-hover-color=\"#c20e1a\" data-color=\"#024998\">\n                    <i class=\"mkdf-icon-font-awesome fa fa-exclamation-triangle mkdf-icon-element\" style=\"color: #024998\" ><\/i>            <\/span>\n\t\t\t\t\t\t<\/div>\n\t<div class=\"mkdf-iwt-content\" >\n\t\t\t\t\t<h4 class=\"mkdf-iwt-title\" >\n\t\t\t\t\t\t\t\t<span class=\"mkdf-iwt-title-text\">Inhabituel<\/span>\n\t\t\t\t\t\t\t<\/h4>\n\t\t\t\t\t\t\t<p class=\"mkdf-iwt-text\" >Tout le monde ne peut pas offrir ce que nous proposons.<\/p>\n\t\t\t<\/div>\n<\/div><\/div><\/div><\/div><div class=\"wpb_column vc_column_container vc_col-sm-4\"><div class=\"vc_column-inner\"><div class=\"wpb_wrapper\"><div class=\"mkdf-iwt clearfix  mkdf-iwt-icon-top mkdf-iwt-icon-huge\">\n\t<div class=\"mkdf-iwt-icon\">\n\t\t\t\t\t\t\t\t\t    <span class=\"mkdf-icon-shortcode mkdf-normal   mkdf-icon-huge\"  data-hover-color=\"#c20e1a\" data-color=\"#024998\">\n                    <i class=\"mkdf-icon-font-awesome fa fa-language mkdf-icon-element\" style=\"color: #024998\" ><\/i>            <\/span>\n\t\t\t\t\t\t<\/div>\n\t<div class=\"mkdf-iwt-content\" >\n\t\t\t\t\t<h4 class=\"mkdf-iwt-title\" >\n\t\t\t\t\t\t\t\t<span class=\"mkdf-iwt-title-text\">Multilingue<\/span>\n\t\t\t\t\t\t\t<\/h4>\n\t\t\t\t\t\t\t<p class=\"mkdf-iwt-text\" >Nous parlons votre langue. En termes simples et compr\u00e9hensibles, nous vous expliquerons comment tout fonctionne en anglais, espagnol, fran\u00e7ais ou allemand.<\/p>\n\t\t\t<\/div>\n<\/div><\/div><\/div><\/div><div class=\"wpb_column vc_column_container vc_col-sm-4\"><div class=\"vc_column-inner\"><div class=\"wpb_wrapper\"><div class=\"mkdf-iwt clearfix  mkdf-iwt-icon-top mkdf-iwt-icon-huge\">\n\t<div class=\"mkdf-iwt-icon\">\n\t\t\t\t\t\t\t\t\t    <span class=\"mkdf-icon-shortcode mkdf-normal   mkdf-icon-huge\"  data-hover-color=\"#c20e1a\" data-color=\"#024998\">\n                    <i class=\"mkdf-icon-font-awesome fa fa-shield mkdf-icon-element\" style=\"color: #024998\" ><\/i>            <\/span>\n\t\t\t\t\t\t<\/div>\n\t<div class=\"mkdf-iwt-content\" >\n\t\t\t\t\t<h4 class=\"mkdf-iwt-title\" >\n\t\t\t\t\t\t\t\t<span class=\"mkdf-iwt-title-text\">Avec comp\u00e9tence<\/span>\n\t\t\t\t\t\t\t<\/h4>\n\t\t\t\t\t\t\t<p class=\"mkdf-iwt-text\" >Plus de 20 ans d&#039;exp\u00e9rience dans la plong\u00e9e souterraine \u00e0 Majorque.<\/p>\n\t\t\t<\/div>\n<\/div><\/div><\/div><\/div><\/div><div class=\"vc_row wpb_row vc_row-fluid\" ><div class=\"wpb_column vc_column_container vc_col-sm-12\"><div class=\"vc_column-inner\"><div class=\"wpb_wrapper\"><div class=\"vc_row wpb_row vc_inner vc_row-fluid\" ><div class=\"wpb_column vc_column_container vc_col-sm-12\"><div class=\"vc_column-inner\"><div class=\"wpb_wrapper\"><h4 style=\"font-size: 2em;text-align: left;font-family:Contrail One;font-weight:400;font-style:normal\" class=\"vc_custom_heading\" >Caverne SCD-HT1 ou zone de lumi\u00e8re du jour<\/h4>\n\t<div class=\"wpb_text_column wpb_content_element\" >\n\t\t<div class=\"wpb_wrapper\">\n\t\t\t<p>Commencez votre formation dans la zone de lumi\u00e8re du jour d&#039;une grotte. Apprenez \u00e9tape par \u00e9tape ce que signifie \u00eatre un plongeur sp\u00e9l\u00e9o et les responsabilit\u00e9s que vous assumez en obtenant ce titre. Une formation solide et une exp\u00e9rience en eau libre sont requises.<\/p>\n\n\t\t<\/div>\n\t<\/div>\n<h4 style=\"font-size: 2em;text-align: left;font-family:Contrail One;font-weight:400;font-style:normal\" class=\"vc_custom_heading vc_custom_1676221789809\" >SCD-HT2 Grotte ou zone d&#039;obscurit\u00e9 permanente<\/h4>\n\t<div class=\"wpb_text_column wpb_content_element\" >\n\t\t<div class=\"wpb_wrapper\">\n\t\t\t<p>L&#039;obscurit\u00e9 est votre amie et une perte totale de lumi\u00e8re est synonyme de d\u00e9tente pour vous ? Ensuite, nous serons heureux de vous apprendre \u00e0 sortir de votre grotte en toute s\u00e9curit\u00e9 dans une telle situation. La pose de lignes, le raccommodage et la pose de sauts font \u00e9galement partie de ce cours.<\/p>\n\n\t\t<\/div>\n\t<\/div>\n<h4 style=\"font-size: 2em;text-align: left;font-family:Contrail One;font-weight:400;font-style:normal\" class=\"vc_custom_heading vc_custom_1676221796985\" >Caverne compl\u00e8te SCD-HT3 ou zone d&#039;obscurit\u00e9 permanente et post-siphon\/goulots d&#039;\u00e9tranglement<\/h4>\n\t<div class=\"wpb_text_column wpb_content_element\" >\n\t\t<div class=\"wpb_wrapper\">\n\t\t\t<p>L\u00e0 o\u00f9 la t\u00eate passe, est-ce que le reste de l&#039;humain passe aussi ? Nous nous entra\u00eenons entre autres \u00e0 franchir les goulots d&#039;\u00e9tranglement, \u00e0 manipuler les bouteilles d&#039;\u00e9tape et \u00e0 cr\u00e9er des d\u00e9p\u00f4ts de bouteilles. En tant que plongeur sp\u00e9l\u00e9o Divemaster, vous apprenez \u00e9galement \u00e0 prendre les devants.<\/p>\n\n\t\t<\/div>\n\t<\/div>\n<h4 style=\"font-size: 2em;text-align: left;font-family:Contrail One;font-weight:400;font-style:normal\" class=\"vc_custom_heading vc_custom_1676221805570\" >Plong\u00e9es souterraines guid\u00e9es<\/h4>\n\t<div class=\"wpb_text_column wpb_content_element\" >\n\t\t<div class=\"wpb_wrapper\">\n\t\t\t<p>En fonction de votre formation, nous vous proposons des plong\u00e9es souterraines guid\u00e9es. \u00c9tant donn\u00e9 que les grottes sont sous protection de la nature et que des autorisations doivent \u00eatre demand\u00e9es, veuillez nous contacter \u00e0 temps pour convenir d&#039;un rendez-vous.<\/p>\n\n\t\t<\/div>\n\t<\/div>\n<\/div><\/div><\/div><\/div><div class=\"vc_row wpb_row vc_inner vc_row-fluid vc_custom_1676221834110\" ><div class=\"wpb_column vc_column_container vc_col-sm-12\"><div class=\"vc_column-inner\"><div class=\"wpb_wrapper\">\n\t<div class=\"wpb_text_column wpb_content_element\" >\n\t\t<div class=\"wpb_wrapper\">\n\t\t\t<h3>Vous pouvez trouver plus d&#039;informations et des descriptions d\u00e9taill\u00e9es des cours individuels sur notre site Web: <a href=\"https:\/\/mallorcacavediving.com\/\" target=\"_blank\" rel=\"noopener\">www.mallorcacavediving.com<\/a><\/h3>\n\n\t\t<\/div>\n\t<\/div>\n<\/div><\/div><\/div><\/div><\/div><\/div><\/div><\/div><div data-vc-full-width=\"true\" data-vc-full-width-init=\"false\" class=\"vc_row wpb_row vc_row-fluid vc_custom_1676207830951 vc_row-has-fill\" ><div class=\"wpb_column vc_column_container vc_col-sm-12\"><div class=\"vc_column-inner\"><div class=\"wpb_wrapper\"><section class=\"vc_cta3-container\"><div class=\"vc_general vc_cta3 vc_cta3-style-flat vc_cta3-shape-square vc_cta3-align-left vc_cta3-color-classic vc_cta3-icon-size-xl vc_cta3-icons-right vc_custom_1676220605580\"><div class=\"vc_cta3_content-container\"><div class=\"vc_cta3-content\"><header class=\"vc_cta3-content-header\"><\/header><h3 style=\"text-align: left;\">Tu as une question? Alors appelez-nous, n&#039;est-ce pas ? <a href=\"https:\/\/wa.me\/34661488680\" target=\"_blank\" rel=\"noopener\">envoyez-nous un WhatsApp +34 661 488 680<\/a><\/h3>\n<\/div><\/div><div class=\"vc_cta3-icons\"><div class=\"vc_icon_element vc_icon_element-outer vc_icon_element-align-left\"><div class=\"vc_icon_element-inner vc_icon_element-color-custom vc_icon_element-size-xl vc_icon_element-style- vc_icon_element-background-color-grey\" ><span class=\"vc_icon_element-icon fa fa-whatsapp\" style=\"color:#024998 !important\"><\/span><a class=\"vc_icon_element-link\" href=\"https:\/\/wa.me\/34661488680\"  title=\"\" target=\" _blank\"><\/a><\/div><\/div><\/div><\/div><\/section><\/div><\/div><\/div><\/div><div class=\"vc_row-full-width vc_clearfix\"><\/div><div class=\"vc_row wpb_row vc_row-fluid\" ><div class=\"wpb_column vc_column_container vc_col-sm-12\"><div class=\"vc_column-inner\"><div class=\"wpb_wrapper\">\n\t<div class=\"wpb_text_column wpb_content_element\" >\n\t\t<div class=\"wpb_wrapper\">\n\t\t\t<h3>Questions fr\u00e9quemment pos\u00e9es<\/h3>\n\n\t\t<\/div>\n\t<\/div>\n<div class=\"mkdf-accordion-holder mkdf-ac-default  mkdf-accordion mkdf-ac-boxed  clearfix\">\n\t<h5 class=\"mkdf-accordion-title\">\n    <span class=\"mkdf-accordion-mark\">\n\t\t<span class=\"mkdf_icon_plus icon_plus\"><\/span>\n\t\t<span class=\"mkdf_icon_minus icon_minus-06\"><\/span>\n\t<\/span>\n\t<span class=\"mkdf-tab-title\">Quelles conditions dois-je remplir pour participer aux cours ?<\/span>\n<\/h5>\n<div class=\"mkdf-accordion-content\">\n\t<div class=\"mkdf-accordion-content-inner\">\n\t\t\n\t<div class=\"wpb_text_column wpb_content_element\" >\n\t\t<div class=\"wpb_wrapper\">\n\t\t\t<p>Vous pouvez trouver les exigences pertinentes pour chaque cours sur notre site Web <a href=\"http:\/\/www.mallorcacavediving.com\" target=\"_blank\" rel=\"noopener\">www.mallorcacavediving.com<\/a> sous \u00e9ducation.<\/p>\n\n\t\t<\/div>\n\t<\/div>\n\t<\/div>\n<\/div><h5 class=\"mkdf-accordion-title\">\n    <span class=\"mkdf-accordion-mark\">\n\t\t<span class=\"mkdf_icon_plus icon_plus\"><\/span>\n\t\t<span class=\"mkdf_icon_minus icon_minus-06\"><\/span>\n\t<\/span>\n\t<span class=\"mkdf-tab-title\">Je suis plongeur sp\u00e9l\u00e9o mais je n&#039;ai pas de certification sidemount. Et maintenant?<\/span>\n<\/h5>\n<div class=\"mkdf-accordion-content\">\n\t<div class=\"mkdf-accordion-content-inner\">\n\t\t\n\t<div class=\"wpb_text_column wpb_content_element\" >\n\t\t<div class=\"wpb_wrapper\">\n\t\t\t<p>Les r\u00e9glementations l\u00e9gales exigent la pr\u00e9sentation de ce certificat. Vous \u00eates invit\u00e9s \u00e0 r\u00e9server et \u00e0 suivre le cours avec nous.<\/p>\n\n\t\t<\/div>\n\t<\/div>\n\t<\/div>\n<\/div><h5 class=\"mkdf-accordion-title\">\n    <span class=\"mkdf-accordion-mark\">\n\t\t<span class=\"mkdf_icon_plus icon_plus\"><\/span>\n\t\t<span class=\"mkdf_icon_minus icon_minus-06\"><\/span>\n\t<\/span>\n\t<span class=\"mkdf-tab-title\">Je n&#039;ai pas de licence de plong\u00e9e ou je ne peux pas le prouver. Puis-je encore participer ?<\/span>\n<\/h5>\n<div class=\"mkdf-accordion-content\">\n\t<div class=\"mkdf-accordion-content-inner\">\n\t\t\n\t<div class=\"wpb_text_column wpb_content_element\" >\n\t\t<div class=\"wpb_wrapper\">\n\t\t\t<p>Certaines organisations ont des certifications qui peuvent \u00eatre consult\u00e9es en ligne. Sinon, vous \u00eates invit\u00e9s \u00e0 participer \u00e0 nos plong\u00e9es d&#039;initiation ou \u00e0 suivre un cours Open Water Diver avec nous.<\/p>\n\n\t\t<\/div>\n\t<\/div>\n\t<\/div>\n<\/div><\/div><\/div><\/div><\/div><\/div><div class=\"vc_row wpb_row vc_row-fluid\" ><div class=\"wpb_column vc_column_container vc_col-sm-12\"><div class=\"vc_column-inner\"><div class=\"wpb_wrapper\"><div class=\"vc_empty_space\"   style=\"height: 5em\"><span class=\"vc_empty_space_inner\"><\/span><\/div><\/div><\/div><\/div><\/div>","protected":false},"excerpt":{"rendered":"Plong\u00e9e souterrainePure fascinationR\u00e9servez maintenant - une r\u00e9servation est n\u00e9cessaire pour participer \u00e0 nos activit\u00e9s.La plong\u00e9e dans les grottes est l&#039;une des sp\u00e9cialit\u00e9s les plus fascinantes de la plong\u00e9e. Ici, une formation et un leadership s\u00e9rieux et professionnels sont essentiels \u00e0 la survie ! Ici \u00e0 Majorque, nous avons [...]","protected":false},"author":2,"featured_media":0,"parent":0,"menu_order":0,"comment_status":"closed","ping_status":"closed","template":"","meta":{"footnotes":""},"class_list":["post-299","page","type-page","status-publish","hentry"],"_links":{"self":[{"href":"https:\/\/skualo-portocolom.com\/fr\/wp-json\/wp\/v2\/pages\/299","targetHints":{"allow":["GET"]}}],"collection":[{"href":"https:\/\/skualo-portocolom.com\/fr\/wp-json\/wp\/v2\/pages"}],"about":[{"href":"https:\/\/skualo-portocolom.com\/fr\/wp-json\/wp\/v2\/types\/page"}],"author":[{"embeddable":true,"href":"https:\/\/skualo-portocolom.com\/fr\/wp-json\/wp\/v2\/users\/2"}],"replies":[{"embeddable":true,"href":"https:\/\/skualo-portocolom.com\/fr\/wp-json\/wp\/v2\/comments?post=299"}],"version-history":[{"count":0,"href":"https:\/\/skualo-portocolom.com\/fr\/wp-json\/wp\/v2\/pages\/299\/revisions"}],"wp:attachment":[{"href":"https:\/\/skualo-portocolom.com\/fr\/wp-json\/wp\/v2\/media?parent=299"}],"curies":[{"name":"wp","href":"https:\/\/api.w.org\/{rel}","templated":true}]}}