{"id":524,"date":"2023-02-12T13:02:11","date_gmt":"2023-02-12T13:02:11","guid":{"rendered":"https:\/\/skualo-portocolom.com\/?page_id=524"},"modified":"2023-03-27T16:07:41","modified_gmt":"2023-03-27T16:07:41","slug":"schnorcheln","status":"publish","type":"page","link":"https:\/\/skualo-portocolom.com\/es\/ausfluge\/schnorcheln\/","title":{"rendered":"bucear"},"content":{"rendered":"<div data-vc-full-width=\"true\" data-vc-full-width-init=\"false\" class=\"vc_row wpb_row vc_row-fluid vc_custom_1679931320723 vc_row-has-fill\" ><div class=\"wpb_column vc_column_container vc_col-sm-12\"><div class=\"vc_column-inner\"><div class=\"wpb_wrapper\"><div class=\"vc_empty_space\"   style=\"height: 20em\"><span class=\"vc_empty_space_inner\"><\/span><\/div><h2 style=\"font-size: 3em;color: #ffffff;text-align: left;font-family:Contrail One;font-weight:400;font-style:normal\" class=\"vc_custom_heading\" >bucear<\/h2><h2 style=\"font-size: 2em;color: #ffffff;text-align: left;font-family:Contrail One;font-weight:400;font-style:normal\" class=\"vc_custom_heading\" >Conoce el Mar Mediterr\u00e1neo<\/h2><\/div><\/div><\/div><\/div><div class=\"vc_row-full-width vc_clearfix\"><\/div><div data-vc-full-width=\"true\" data-vc-full-width-init=\"false\" class=\"vc_row wpb_row vc_row-fluid vc_custom_1679931586793 vc_row-has-fill\" ><div class=\"wpb_column vc_column_container vc_col-sm-12\"><div class=\"vc_column-inner\"><div class=\"wpb_wrapper\"><section class=\"vc_cta3-container\"><div class=\"vc_general vc_cta3 vc_cta3-style-flat vc_cta3-shape-square vc_cta3-align-left vc_cta3-color-classic vc_cta3-icon-size-xl vc_cta3-icons-right vc_custom_1679931817240\"><div class=\"vc_cta3_content-container\"><div class=\"vc_cta3-content\"><header class=\"vc_cta3-content-header\"><\/header><h3 style=\"text-align: left;\"><a href=\"https:\/\/skualo-portocolom.com\/es\/?page_id=50\">Reserve ahora: se requieren reservaciones para participar en nuestras actividades<\/a><\/h3>\n<\/div><\/div><div class=\"vc_cta3-icons\"><div class=\"vc_icon_element vc_icon_element-outer vc_icon_element-align-left\"><div class=\"vc_icon_element-inner vc_icon_element-color-custom vc_icon_element-size-xl vc_icon_element-style- vc_icon_element-background-color-grey\" ><span class=\"vc_icon_element-icon fa fa-shopping-cart\" style=\"color:#024998 !important\"><\/span><\/div><\/div><\/div><\/div><\/section><\/div><\/div><\/div><\/div><div class=\"vc_row-full-width vc_clearfix\"><\/div><div class=\"vc_row wpb_row vc_row-fluid\" ><div class=\"wpb_column vc_column_container vc_col-sm-12\"><div class=\"vc_column-inner\"><div class=\"wpb_wrapper\">\n\t<div class=\"wpb_text_column wpb_content_element\" >\n\t\t<div class=\"wpb_wrapper\">\n\t\t\t<h3>bucear<\/h3>\n\n\t\t<\/div>\n\t<\/div>\n\n\t<div class=\"wpb_text_column wpb_content_element\" >\n\t\t<div class=\"wpb_wrapper\">\n\t\t\t<p>\u00bfEst\u00e1s buscando a Nemo? No encontramos eso en el Mediterr\u00e1neo, pero hay muchas otras criaturas y criaturas marinas, como el simp\u00e1tico pececito monje, coloridos pavos reales marinos, divertidos l\u00e1bridos, card\u00famenes de doradas y ronchas doradas y, con un poco de suerte, pulpos. y barracudas. Muchas hermosas formaciones rocosas ofrecen espacio para una variada fauna submarina. An\u00e9monas, peque\u00f1os corales y estrellas de mar se pueden encontrar en muchos de nuestros 15 o m\u00e1s sitios. Uno de nuestros gu\u00edas est\u00e1 siempre con nosotros. Antes de comenzar, por supuesto, hay una explicaci\u00f3n del equipo. Te llevamos en barco a lugares de dif\u00edcil acceso desde tierra<\/p>\n\n\t\t<\/div>\n\t<\/div>\n<\/div><\/div><\/div><\/div><div class=\"vc_row wpb_row vc_row-fluid vc_custom_1679932569093\" ><div class=\"wpb_column vc_column_container vc_col-sm-4\"><div class=\"vc_column-inner\"><div class=\"wpb_wrapper\"><div class=\"mkdf-iwt clearfix  mkdf-iwt-icon-top mkdf-iwt-icon-huge\">\n\t<div class=\"mkdf-iwt-icon\">\n\t\t\t\t\t\t\t\t\t    <span class=\"mkdf-icon-shortcode mkdf-normal   mkdf-icon-huge\"  data-color=\"#024998\">\n                    <i class=\"mkdf-icon-dripicons dripicon dripicons-anchor mkdf-icon-element\" style=\"color: #024998\" ><\/i>            <\/span>\n\t\t\t\t\t\t<\/div>\n\t<div class=\"mkdf-iwt-content\" >\n\t\t\t\t\t<h4 class=\"mkdf-iwt-title\" >\n\t\t\t\t\t\t\t\t<span class=\"mkdf-iwt-title-text\">bote<\/span>\n\t\t\t\t\t\t\t<\/h4>\n\t\t\t\t\t\t\t<p class=\"mkdf-iwt-text\" >Todas las excursiones se realizan en botes que cuentan con escaleras para subir y bajar<\/p>\n\t\t\t<\/div>\n<\/div><\/div><\/div><\/div><div class=\"wpb_column vc_column_container vc_col-sm-4\"><div class=\"vc_column-inner\"><div class=\"wpb_wrapper\"><div class=\"mkdf-iwt clearfix  mkdf-iwt-icon-top mkdf-iwt-icon-huge\">\n\t<div class=\"mkdf-iwt-icon\">\n\t\t\t\t\t\t\t\t\t    <span class=\"mkdf-icon-shortcode mkdf-normal   mkdf-icon-huge\"  data-color=\"#024998\">\n                    <i class=\"mkdf-icon-font-awesome fa fa-clock-o mkdf-icon-element\" style=\"color: #024998\" ><\/i>            <\/span>\n\t\t\t\t\t\t<\/div>\n\t<div class=\"mkdf-iwt-content\" >\n\t\t\t\t\t<h4 class=\"mkdf-iwt-title\" >\n\t\t\t\t\t\t\t\t<span class=\"mkdf-iwt-title-text\">Per\u00edodo de tiempo<\/span>\n\t\t\t\t\t\t\t<\/h4>\n\t\t\t\t\t\t\t<p class=\"mkdf-iwt-text\" >Estamos en el agua durante unos 60 minutos. En total, debe planificar unas 2 horas con nosotros.<\/p>\n\t\t\t<\/div>\n<\/div><\/div><\/div><\/div><div class=\"wpb_column vc_column_container vc_col-sm-4\"><div class=\"vc_column-inner\"><div class=\"wpb_wrapper\"><div class=\"mkdf-iwt clearfix  mkdf-iwt-icon-top mkdf-iwt-icon-huge\">\n\t<div class=\"mkdf-iwt-icon\">\n\t\t\t\t\t\t\t\t\t    <span class=\"mkdf-icon-shortcode mkdf-normal   mkdf-icon-huge\"  data-hover-color=\"#024998\" data-color=\"#024998\">\n                    <i class=\"mkdf-icon-font-awesome fa fa-check mkdf-icon-element\" style=\"color: #024998\" ><\/i>            <\/span>\n\t\t\t\t\t\t<\/div>\n\t<div class=\"mkdf-iwt-content\" >\n\t\t\t\t\t<h4 class=\"mkdf-iwt-title\" >\n\t\t\t\t\t\t\t\t<span class=\"mkdf-iwt-title-text\">equipo<\/span>\n\t\t\t\t\t\t\t<\/h4>\n\t\t\t\t\t\t\t<p class=\"mkdf-iwt-text\" >Proporcionamos traje de neopreno, zapatos, aletas, m\u00e1scara y snorkel.<\/p>\n\t\t\t<\/div>\n<\/div><\/div><\/div><\/div><\/div><div data-vc-full-width=\"true\" data-vc-full-width-init=\"false\" class=\"vc_row wpb_row vc_row-fluid vc_custom_1679932958250 vc_row-has-fill\" ><div class=\"wpb_column vc_column_container vc_col-sm-12\"><div class=\"vc_column-inner\"><div class=\"wpb_wrapper\"><section class=\"vc_cta3-container\"><div class=\"vc_general vc_cta3 vc_cta3-style-flat vc_cta3-shape-square vc_cta3-align-left vc_cta3-color-classic vc_cta3-icon-size-xl vc_cta3-icons-right vc_custom_1679933085338\"><div class=\"vc_cta3_content-container\"><div class=\"vc_cta3-content\"><header class=\"vc_cta3-content-header\"><\/header><h3 style=\"text-align: left;\">\u00bfTienes una pregunta? Entonces ll\u00e1menos, \u00bfverdad? <a href=\"https:\/\/wa.me\/34661488680\" target=\"_blank\" rel=\"noopener\">env\u00edanos un WhatsApp +34 661 488 680<\/a><\/h3>\n<\/div><\/div><div class=\"vc_cta3-icons\"><div class=\"vc_icon_element vc_icon_element-outer vc_icon_element-align-left\"><div class=\"vc_icon_element-inner vc_icon_element-color-custom vc_icon_element-size-xl vc_icon_element-style- vc_icon_element-background-color-grey\" ><span class=\"vc_icon_element-icon fa fa-whatsapp\" style=\"color:#024998 !important\"><\/span><a class=\"vc_icon_element-link\" href=\"https:\/\/wa.me\/34661488680\"  title=\"\" target=\" _blank\"><\/a><\/div><\/div><\/div><\/div><\/section><\/div><\/div><\/div><\/div><div class=\"vc_row-full-width vc_clearfix\"><\/div><div class=\"vc_row wpb_row vc_row-fluid\" ><div class=\"wpb_column vc_column_container vc_col-sm-12\"><div class=\"vc_column-inner\"><div class=\"wpb_wrapper\">\n\t<div class=\"wpb_text_column wpb_content_element\" >\n\t\t<div class=\"wpb_wrapper\">\n\t\t\t<h3>preguntas frecuentes<\/h3>\n\n\t\t<\/div>\n\t<\/div>\n<div class=\"mkdf-accordion-holder mkdf-ac-default  mkdf-accordion mkdf-ac-boxed  clearfix\">\n\t<h5 class=\"mkdf-accordion-title\">\n    <span class=\"mkdf-accordion-mark\">\n\t\t<span class=\"mkdf_icon_plus icon_plus\"><\/span>\n\t\t<span class=\"mkdf_icon_minus icon_minus-06\"><\/span>\n\t<\/span>\n\t<span class=\"mkdf-tab-title\">\u00bfTengo que ser un buen nadador?<\/span>\n<\/h5>\n<div class=\"mkdf-accordion-content\">\n\t<div class=\"mkdf-accordion-content-inner\">\n\t\t\n\t<div class=\"wpb_text_column wpb_content_element\" >\n\t\t<div class=\"wpb_wrapper\">\n\t\t\t<p>Debes sentirte c\u00f3modo en el agua. Te explicaremos c\u00f3mo nadar con aletas y el neopreno autom\u00e1ticamente te dar\u00e1 flotabilidad. Llevamos a los ni\u00f1os desde que saben nadar (a partir de los 6 a\u00f1os).<\/p>\n\n\t\t<\/div>\n\t<\/div>\n\t<\/div>\n<\/div><h5 class=\"mkdf-accordion-title\">\n    <span class=\"mkdf-accordion-mark\">\n\t\t<span class=\"mkdf_icon_plus icon_plus\"><\/span>\n\t\t<span class=\"mkdf_icon_minus icon_minus-06\"><\/span>\n\t<\/span>\n\t<span class=\"mkdf-tab-title\">\u00bfPuedo hacer snorkel solo o simplemente reservar un lugar en el barco e ir a nadar?<\/span>\n<\/h5>\n<div class=\"mkdf-accordion-content\">\n\t<div class=\"mkdf-accordion-content-inner\">\n\t\t\n\t<div class=\"wpb_text_column wpb_content_element\" >\n\t\t<div class=\"wpb_wrapper\">\n\t\t\t<p>Si tenemos espacio en el barco, puede reservar un lugar como &quot;visitante a bordo&quot;. Nuestras embarcaciones est\u00e1n dise\u00f1adas para realizar actividades, no ofrecen sombra. Por normas de seguridad, siempre hay un gu\u00eda en el agua durante nuestras actividades.<\/p>\n\n\t\t<\/div>\n\t<\/div>\n\t<\/div>\n<\/div><\/div><\/div><\/div><\/div><\/div>","protected":false},"excerpt":{"rendered":"SnorkelConoce el Mediterr\u00e1neoReserva ahora - Es necesario reservar para participar en nuestras actividades Snorkel \u00bfBuscas a Nemo?? No lo encontramos en el Mediterr\u00e1neo, pero s\u00ed encontramos muchos otros animales y criaturas marinas, como las simp\u00e1ticas gaviotas, los coloridos [...]","protected":false},"author":2,"featured_media":0,"parent":522,"menu_order":0,"comment_status":"closed","ping_status":"closed","template":"","meta":{"footnotes":""},"class_list":["post-524","page","type-page","status-publish","hentry"],"_links":{"self":[{"href":"https:\/\/skualo-portocolom.com\/es\/wp-json\/wp\/v2\/pages\/524","targetHints":{"allow":["GET"]}}],"collection":[{"href":"https:\/\/skualo-portocolom.com\/es\/wp-json\/wp\/v2\/pages"}],"about":[{"href":"https:\/\/skualo-portocolom.com\/es\/wp-json\/wp\/v2\/types\/page"}],"author":[{"embeddable":true,"href":"https:\/\/skualo-portocolom.com\/es\/wp-json\/wp\/v2\/users\/2"}],"replies":[{"embeddable":true,"href":"https:\/\/skualo-portocolom.com\/es\/wp-json\/wp\/v2\/comments?post=524"}],"version-history":[{"count":0,"href":"https:\/\/skualo-portocolom.com\/es\/wp-json\/wp\/v2\/pages\/524\/revisions"}],"up":[{"embeddable":true,"href":"https:\/\/skualo-portocolom.com\/es\/wp-json\/wp\/v2\/pages\/522"}],"wp:attachment":[{"href":"https:\/\/skualo-portocolom.com\/es\/wp-json\/wp\/v2\/media?parent=524"}],"curies":[{"name":"gracias","href":"https:\/\/api.w.org\/{rel}","templated":true}]}}