{"id":517,"date":"2023-02-12T12:57:31","date_gmt":"2023-02-12T12:57:31","guid":{"rendered":"https:\/\/skualo-portocolom.com\/?page_id=517"},"modified":"2023-03-26T10:39:22","modified_gmt":"2023-03-26T10:39:22","slug":"tauchkurse","status":"publish","type":"page","link":"https:\/\/skualo-portocolom.com\/es\/activity\/tauchkurse\/","title":{"rendered":"cursos de buceo"},"content":{"rendered":"<div data-vc-full-width=\"true\" data-vc-full-width-init=\"false\" class=\"vc_row wpb_row vc_row-fluid vc_custom_1677688932918 vc_row-has-fill\" ><div class=\"wpb_column vc_column_container vc_col-sm-12\"><div class=\"vc_column-inner\"><div class=\"wpb_wrapper\"><div class=\"vc_empty_space\"   style=\"height: 20em\"><span class=\"vc_empty_space_inner\"><\/span><\/div><h2 style=\"font-size: 3em;color: #ffffff;text-align: left;font-family:Contrail One;font-weight:400;font-style:normal\" class=\"vc_custom_heading\" >cursos de buceo<\/h2><h2 style=\"font-size: 2em;color: #ffffff;text-align: left;font-family:Contrail One;font-weight:400;font-style:normal\" class=\"vc_custom_heading\" >Asiste a uno de nuestros muchos cursos.<\/h2><\/div><\/div><\/div><\/div><div class=\"vc_row-full-width vc_clearfix\"><\/div><div data-vc-full-width=\"true\" data-vc-full-width-init=\"false\" class=\"vc_row wpb_row vc_row-fluid vc_custom_1676208551715 vc_row-has-fill vc_row-o-content-top vc_row-flex\" ><div class=\"wpb_column vc_column_container vc_col-sm-12\"><div class=\"vc_column-inner\"><div class=\"wpb_wrapper\"><section class=\"vc_cta3-container\"><div class=\"vc_general vc_cta3 vc_cta3-style-flat vc_cta3-shape-square vc_cta3-align-left vc_cta3-color-classic vc_cta3-icon-size-xl vc_cta3-icons-right vc_custom_1676208643789\"><div class=\"vc_cta3_content-container\"><div class=\"vc_cta3-content\"><header class=\"vc_cta3-content-header\"><\/header><h3 style=\"text-align: left;\"><a href=\"https:\/\/skualo-portocolom.com\/es\/?page_id=50\">Reserve ahora: se requieren reservaciones para participar en nuestras actividades<\/a><\/h3>\n<\/div><\/div><div class=\"vc_cta3-icons\"><div class=\"vc_icon_element vc_icon_element-outer vc_icon_element-align-left\"><div class=\"vc_icon_element-inner vc_icon_element-color-custom vc_icon_element-size-xl vc_icon_element-style- vc_icon_element-background-color-grey\" ><span class=\"vc_icon_element-icon fa fa-shopping-cart\" style=\"color:#024998 !important\"><\/span><a class=\"vc_icon_element-link\" href=\"https:\/\/skualo-portocolom.com\/es\/?page_id=50\"  title=\"Contacto\" target=\"_self\"><\/a><\/div><\/div><\/div><\/div><\/section><\/div><\/div><\/div><\/div><div class=\"vc_row-full-width vc_clearfix\"><\/div><div class=\"vc_row wpb_row vc_row-fluid\" ><div class=\"wpb_column vc_column_container vc_col-sm-12\"><div class=\"vc_column-inner\"><div class=\"wpb_wrapper\">\n\t<div class=\"wpb_text_column wpb_content_element\" >\n\t\t<div class=\"wpb_wrapper\">\n\t\t\t<h3>PADI Open Water Diver \u2013 aproximadamente 3 d\u00edas<\/h3>\n\n\t\t<\/div>\n\t<\/div>\n<div class=\"vc_row wpb_row vc_inner vc_row-fluid\" ><div class=\"wpb_column vc_column_container vc_col-sm-6\"><div class=\"vc_column-inner\"><div class=\"wpb_wrapper\">\n\t<div class=\"wpb_text_column wpb_content_element\" >\n\t\t<div class=\"wpb_wrapper\">\n\t\t\t<p>El curso introductorio perfecto donde aprendes a bucear de forma independiente en un equipo de amigos. Al final del curso se le permite bucear hasta 18 metros de profundidad. Puede completar la teor\u00eda en l\u00ednea y, por lo tanto, es flexible ya sea que aprenda en el stand, en la piscina o en casa de antemano. En nuestro centro de buceo, primero te presentaremos el equipo y te mostraremos c\u00f3mo funciona todo. En aguas poco profundas practicamos c\u00f3mo usar nuestro equipo, c\u00f3mo movernos bajo el agua y c\u00f3mo reaccionar cuando las cosas no salen seg\u00fan lo planeado. El curso incluye 4 inmersiones en aguas abiertas. Aqu\u00ed repetimos algunos de los ejercicios y te mostramos c\u00f3mo poner en pr\u00e1ctica lo que has aprendido en teor\u00eda. En grupos peque\u00f1os (generalmente solo 1-2 estudiantes por instructor) viene el ejercicio: No se pierda la oportunidad de explorar el sitio de buceo. Descubre con nosotros peque\u00f1os rapes, sargos, morenas y muchas otras especies de peces.<\/p>\n\n\t\t<\/div>\n\t<\/div>\n<\/div><\/div><\/div><div class=\"wpb_column vc_column_container vc_col-sm-6\"><div class=\"vc_column-inner\"><div class=\"wpb_wrapper\">\n\t<div  class=\"wpb_single_image wpb_content_element vc_align_left\">\n\t\t\n\t\t<figure class=\"wpb_wrapper vc_figure\">\n\t\t\t<div class=\"vc_single_image-wrapper   vc_box_border_grey\"><img loading=\"lazy\" decoding=\"async\" width=\"1024\" height=\"683\" src=\"https:\/\/skualo-portocolom.com\/wp-content\/uploads\/2023\/03\/OWD-1024x683.jpeg\" class=\"vc_single_image-img attachment-large\" alt=\"\" srcset=\"https:\/\/skualo-portocolom.com\/wp-content\/uploads\/2023\/03\/OWD-1024x683.jpeg 1024w, https:\/\/skualo-portocolom.com\/wp-content\/uploads\/2023\/03\/OWD-300x200.jpeg 300w, https:\/\/skualo-portocolom.com\/wp-content\/uploads\/2023\/03\/OWD-768x512.jpeg 768w, https:\/\/skualo-portocolom.com\/wp-content\/uploads\/2023\/03\/OWD-1536x1024.jpeg 1536w\" sizes=\"auto, (max-width: 1024px) 100vw, 1024px\" \/><\/div>\n\t\t<\/figure>\n\t<\/div>\n<\/div><\/div><\/div><\/div><\/div><\/div><\/div><\/div><div class=\"vc_row wpb_row vc_row-fluid vc_custom_1676210856481\" ><div class=\"wpb_column vc_column_container vc_col-sm-12\"><div class=\"vc_column-inner\"><div class=\"wpb_wrapper\">\n\t<div class=\"wpb_text_column wpb_content_element\" >\n\t\t<div class=\"wpb_wrapper\">\n\t\t\t<h3>ADI Advanced Open Water Diver \u2013 Aproximadamente 3 d\u00edas<\/h3>\n\n\t\t<\/div>\n\t<\/div>\n<div class=\"vc_row wpb_row vc_inner vc_row-fluid\" ><div class=\"wpb_column vc_column_container vc_col-sm-6\"><div class=\"vc_column-inner\"><div class=\"wpb_wrapper\">\n\t<div  class=\"wpb_single_image wpb_content_element vc_align_left\">\n\t\t\n\t\t<figure class=\"wpb_wrapper vc_figure\">\n\t\t\t<div class=\"vc_single_image-wrapper   vc_box_border_grey\"><img loading=\"lazy\" decoding=\"async\" width=\"1024\" height=\"680\" src=\"https:\/\/skualo-portocolom.com\/wp-content\/uploads\/2023\/03\/AOWD-1024x680.jpeg\" class=\"vc_single_image-img attachment-large\" alt=\"\" srcset=\"https:\/\/skualo-portocolom.com\/wp-content\/uploads\/2023\/03\/AOWD-1024x680.jpeg 1024w, https:\/\/skualo-portocolom.com\/wp-content\/uploads\/2023\/03\/AOWD-300x199.jpeg 300w, https:\/\/skualo-portocolom.com\/wp-content\/uploads\/2023\/03\/AOWD-768x510.jpeg 768w, https:\/\/skualo-portocolom.com\/wp-content\/uploads\/2023\/03\/AOWD-1536x1020.jpeg 1536w\" sizes=\"auto, (max-width: 1024px) 100vw, 1024px\" \/><\/div>\n\t\t<\/figure>\n\t<\/div>\n<\/div><\/div><\/div><div class=\"wpb_column vc_column_container vc_col-sm-6\"><div class=\"vc_column-inner\"><div class=\"wpb_wrapper\">\n\t<div class=\"wpb_text_column wpb_content_element\" >\n\t\t<div class=\"wpb_wrapper\">\n\t\t\t<p>\u00bfYa tienes una licencia de buceo y quieres dar el siguiente paso? Aqu\u00ed, tambi\u00e9n, algo de teor\u00eda es parte del curso. Puede hacerlo f\u00e1cilmente en l\u00ednea. En el curso AOWD hacemos 5 inmersiones contigo, en las que nos dedicamos a temas especiales. Una de las inmersiones es una inmersi\u00f3n profunda a 30 metros, otra se realiza con el foco en la navegaci\u00f3n. Podemos adaptar con flexibilidad las otras 3 inmersiones a sus deseos. Aqu\u00ed tenemos una gran selecci\u00f3n: naufragio, tarado, identificaci\u00f3n de peces, b\u00fasqueda y recuperaci\u00f3n, caverna, nitrox, sidemount,... Nuestras inmersiones nocturnas son particularmente populares aqu\u00ed.<\/p>\n\n\t\t<\/div>\n\t<\/div>\n<\/div><\/div><\/div><\/div><\/div><\/div><\/div><\/div><div class=\"vc_row wpb_row vc_row-fluid vc_custom_1676210856481\" ><div class=\"wpb_column vc_column_container vc_col-sm-12\"><div class=\"vc_column-inner\"><div class=\"wpb_wrapper\">\n\t<div class=\"wpb_text_column wpb_content_element\" >\n\t\t<div class=\"wpb_wrapper\">\n\t\t\t<h3>Emergency First Response &amp; PADI Recue Diver \u2013 Aproximadamente 3-4 d\u00edas<\/h3>\n\n\t\t<\/div>\n\t<\/div>\n<div class=\"vc_row wpb_row vc_inner vc_row-fluid\" ><div class=\"wpb_column vc_column_container vc_col-sm-6\"><div class=\"vc_column-inner\"><div class=\"wpb_wrapper\">\n\t<div class=\"wpb_text_column wpb_content_element\" >\n\t\t<div class=\"wpb_wrapper\">\n\t\t\t<p>Los socorristas y los buceadores Rescue Diver son amigos populares. Te mostraremos c\u00f3mo convertirte en uno. Ambos cursos se pueden reservar individualmente o combinados. Todos los ejercicios se explican y luego se practican en condiciones lo m\u00e1s realistas posibles. Saber ayudarse a uno mismo ya los dem\u00e1s cuando algo no sale seg\u00fan lo planeado es un logro especial que entrenamos contigo. Cont\u00e1ctenos para obtener m\u00e1s informaci\u00f3n.<\/p>\n\n\t\t<\/div>\n\t<\/div>\n<\/div><\/div><\/div><div class=\"wpb_column vc_column_container vc_col-sm-6\"><div class=\"vc_column-inner\"><div class=\"wpb_wrapper\">\n\t<div  class=\"wpb_single_image wpb_content_element vc_align_left\">\n\t\t\n\t\t<figure class=\"wpb_wrapper vc_figure\">\n\t\t\t<div class=\"vc_single_image-wrapper   vc_box_border_grey\"><img loading=\"lazy\" decoding=\"async\" width=\"1024\" height=\"576\" src=\"https:\/\/skualo-portocolom.com\/wp-content\/uploads\/2023\/03\/Rescue_2-1024x576.jpg\" class=\"vc_single_image-img attachment-large\" alt=\"\" srcset=\"https:\/\/skualo-portocolom.com\/wp-content\/uploads\/2023\/03\/Rescue_2-1024x576.jpg 1024w, https:\/\/skualo-portocolom.com\/wp-content\/uploads\/2023\/03\/Rescue_2-300x169.jpg 300w, https:\/\/skualo-portocolom.com\/wp-content\/uploads\/2023\/03\/Rescue_2-768x432.jpg 768w, https:\/\/skualo-portocolom.com\/wp-content\/uploads\/2023\/03\/Rescue_2.jpg 1334w\" sizes=\"auto, (max-width: 1024px) 100vw, 1024px\" \/><\/div>\n\t\t<\/figure>\n\t<\/div>\n<\/div><\/div><\/div><\/div><\/div><\/div><\/div><\/div><div class=\"vc_row wpb_row vc_row-fluid vc_custom_1676210856481\" ><div class=\"wpb_column vc_column_container vc_col-sm-12\"><div class=\"vc_column-inner\"><div class=\"wpb_wrapper\">\n\t<div class=\"wpb_text_column wpb_content_element\" >\n\t\t<div class=\"wpb_wrapper\">\n\t\t\t<h3>Maestros de buceo PADI<\/h3>\n\n\t\t<\/div>\n\t<\/div>\n<div class=\"vc_row wpb_row vc_inner vc_row-fluid\" ><div class=\"wpb_column vc_column_container vc_col-sm-6\"><div class=\"vc_column-inner\"><div class=\"wpb_wrapper\">\n\t<div  class=\"wpb_single_image wpb_content_element vc_align_left\">\n\t\t\n\t\t<figure class=\"wpb_wrapper vc_figure\">\n\t\t\t<div class=\"vc_single_image-wrapper   vc_box_border_grey\"><img loading=\"lazy\" decoding=\"async\" width=\"1024\" height=\"683\" src=\"https:\/\/skualo-portocolom.com\/wp-content\/uploads\/2023\/03\/DM-1-1024x683.jpeg\" class=\"vc_single_image-img attachment-large\" alt=\"\" srcset=\"https:\/\/skualo-portocolom.com\/wp-content\/uploads\/2023\/03\/DM-1-1024x683.jpeg 1024w, https:\/\/skualo-portocolom.com\/wp-content\/uploads\/2023\/03\/DM-1-300x200.jpeg 300w, https:\/\/skualo-portocolom.com\/wp-content\/uploads\/2023\/03\/DM-1-768x513.jpeg 768w, https:\/\/skualo-portocolom.com\/wp-content\/uploads\/2023\/03\/DM-1-1536x1025.jpeg 1536w\" sizes=\"auto, (max-width: 1024px) 100vw, 1024px\" \/><\/div>\n\t\t<\/figure>\n\t<\/div>\n<\/div><\/div><\/div><div class=\"wpb_column vc_column_container vc_col-sm-6\"><div class=\"vc_column-inner\"><div class=\"wpb_wrapper\">\n\t<div class=\"wpb_text_column wpb_content_element\" >\n\t\t<div class=\"wpb_wrapper\">\n\t\t\t<p>El primer paso para convertirte en un profesional. Como Divemaster, eres un l\u00edder y tambi\u00e9n puedes hacerte cargo de partes de la formaci\u00f3n de otros cursos bajo la supervisi\u00f3n de un instructor de buceo. Aprender\u00e1 a liderar grupos, manejar situaciones estresantes y mejorar muchas otras habilidades.<\/p>\n\n\t\t<\/div>\n\t<\/div>\n<\/div><\/div><\/div><\/div><\/div><\/div><\/div><\/div><div class=\"vc_row wpb_row vc_row-fluid vc_custom_1676210856481\" ><div class=\"wpb_column vc_column_container vc_col-sm-12\"><div class=\"vc_column-inner\"><div class=\"wpb_wrapper\">\n\t<div class=\"wpb_text_column wpb_content_element\" >\n\t\t<div class=\"wpb_wrapper\">\n\t\t\t<h3>Instructor de buceo en aguas abiertas PADI<\/h3>\n\n\t\t<\/div>\n\t<\/div>\n<div class=\"vc_row wpb_row vc_inner vc_row-fluid\" ><div class=\"wpb_column vc_column_container vc_col-sm-6\"><div class=\"vc_column-inner\"><div class=\"wpb_wrapper\">\n\t<div class=\"wpb_text_column wpb_content_element\" >\n\t\t<div class=\"wpb_wrapper\">\n\t\t\t<p>\u00bfEnse\u00f1ar activamente, convertir tu hobby en un trabajo o simplemente no saciar tu sed de conocimiento? Entonces convi\u00e9rtete en un instructor de buceo. Ofrecemos varias opciones para prepararte en consecuencia, recoger las inmersiones necesarias y acompa\u00f1ar los cursos. El examen se realiza en fechas fijas por un examinador externo de PADI.<\/p>\n\n\t\t<\/div>\n\t<\/div>\n<\/div><\/div><\/div><div class=\"wpb_column vc_column_container vc_col-sm-6\"><div class=\"vc_column-inner\"><div class=\"wpb_wrapper\">\n\t<div  class=\"wpb_single_image wpb_content_element vc_align_left\">\n\t\t\n\t\t<figure class=\"wpb_wrapper vc_figure\">\n\t\t\t<div class=\"vc_single_image-wrapper   vc_box_border_grey\"><img loading=\"lazy\" decoding=\"async\" width=\"996\" height=\"611\" src=\"https:\/\/skualo-portocolom.com\/wp-content\/uploads\/2023\/03\/OWSI.jpeg\" class=\"vc_single_image-img attachment-large\" alt=\"\" srcset=\"https:\/\/skualo-portocolom.com\/wp-content\/uploads\/2023\/03\/OWSI.jpeg 996w, https:\/\/skualo-portocolom.com\/wp-content\/uploads\/2023\/03\/OWSI-300x184.jpeg 300w, https:\/\/skualo-portocolom.com\/wp-content\/uploads\/2023\/03\/OWSI-768x471.jpeg 768w\" sizes=\"auto, (max-width: 996px) 100vw, 996px\" \/><\/div>\n\t\t<\/figure>\n\t<\/div>\n<\/div><\/div><\/div><\/div><\/div><\/div><\/div><\/div><div class=\"vc_row wpb_row vc_row-fluid vc_custom_1676210856481\" ><div class=\"wpb_column vc_column_container vc_col-sm-12\"><div class=\"vc_column-inner\"><div class=\"wpb_wrapper\">\n\t<div class=\"wpb_text_column wpb_content_element\" >\n\t\t<div class=\"wpb_wrapper\">\n\t\t\t<h3>especialidades<\/h3>\n\n\t\t<\/div>\n\t<\/div>\n<div class=\"vc_row wpb_row vc_inner vc_row-fluid\" ><div class=\"wpb_column vc_column_container vc_col-sm-6\"><div class=\"vc_column-inner\"><div class=\"wpb_wrapper\">\n\t<div  class=\"wpb_single_image wpb_content_element vc_align_left\">\n\t\t\n\t\t<figure class=\"wpb_wrapper vc_figure\">\n\t\t\t<div class=\"vc_single_image-wrapper   vc_box_border_grey\"><img loading=\"lazy\" decoding=\"async\" width=\"600\" height=\"250\" src=\"https:\/\/skualo-portocolom.com\/wp-content\/uploads\/2023\/03\/NTX.jpeg\" class=\"vc_single_image-img attachment-large\" alt=\"\" srcset=\"https:\/\/skualo-portocolom.com\/wp-content\/uploads\/2023\/03\/NTX.jpeg 600w, https:\/\/skualo-portocolom.com\/wp-content\/uploads\/2023\/03\/NTX-300x125.jpeg 300w\" sizes=\"auto, (max-width: 600px) 100vw, 600px\" \/><\/div>\n\t\t<\/figure>\n\t<\/div>\n<\/div><\/div><\/div><div class=\"wpb_column vc_column_container vc_col-sm-6\"><div class=\"vc_column-inner\"><div class=\"wpb_wrapper\">\n\t<div class=\"wpb_text_column wpb_content_element\" >\n\t\t<div class=\"wpb_wrapper\">\n\t\t\t<p>&quot;\u00bfEst\u00e1 particularmente interesado en un tema o le gustar\u00eda mejorar sus habilidades en un \u00e1rea espec\u00edfica? Entonces obtenga m\u00e1s informaci\u00f3n directamente de y sobre nuestros cursos especiales.<\/p>\n<p>Podemos ofrecer permanentemente lo siguiente:<\/p>\n<p>Embarcaci\u00f3n, Profundo, Nitrox, Proveedor de O2, Noche, Navegaci\u00f3n, Naufragio, Equipo, Flotabilidad, B\u00fasqueda y Recuperaci\u00f3n y Sidemount.<\/p>\n<p><a href=\"https:\/\/skualo-portocolom.com\/es\/?page_id=299\">Para buceo en cuevas haga clic aqu\u00ed<\/a><\/p>\n<p>\u00bfNo es lo correcto? \u00a1Entonces habla con nosotros!<\/p>\n<p>Le pedimos que comprenda que el buceo en hielo y muchas otras cosas no son posibles con nosotros \ud83d\ude09<\/p>\n\n\t\t<\/div>\n\t<\/div>\n<\/div><\/div><\/div><\/div><\/div><\/div><\/div><\/div><div data-vc-full-width=\"true\" data-vc-full-width-init=\"false\" class=\"vc_row wpb_row vc_row-fluid vc_custom_1676211313320 vc_row-has-fill vc_row-o-content-top vc_row-flex\" ><div class=\"wpb_column vc_column_container vc_col-sm-12\"><div class=\"vc_column-inner\"><div class=\"wpb_wrapper\"><section class=\"vc_cta3-container\"><div class=\"vc_general vc_cta3 vc_cta3-style-flat vc_cta3-shape-square vc_cta3-align-left vc_cta3-color-classic vc_cta3-icon-size-xl vc_cta3-icons-right vc_custom_1676220739413\"><div class=\"vc_cta3_content-container\"><div class=\"vc_cta3-content\"><header class=\"vc_cta3-content-header\"><\/header><h3 style=\"text-align: left;\">\u00bfTienes una pregunta? Entonces ll\u00e1menos, \u00bfverdad? <a href=\"https:\/\/wa.me\/34661488680\" target=\"_blank\" rel=\"noopener\">env\u00edanos un WhatsApp +34 661 488 680<\/a><\/h3>\n<h3 style=\"text-align: left;\"><\/h3>\n<\/div><\/div><div class=\"vc_cta3-icons\"><div class=\"vc_icon_element vc_icon_element-outer vc_icon_element-align-left\"><div class=\"vc_icon_element-inner vc_icon_element-color-custom vc_icon_element-size-xl vc_icon_element-style- vc_icon_element-background-color-grey\" ><span class=\"vc_icon_element-icon fa fa-whatsapp\" style=\"color:#024998 !important\"><\/span><a class=\"vc_icon_element-link\" href=\"https:\/\/wa.me\/34661488680\"  title=\"\" target=\" _blank\"><\/a><\/div><\/div><\/div><\/div><\/section><\/div><\/div><\/div><\/div><div class=\"vc_row-full-width vc_clearfix\"><\/div><div class=\"vc_row wpb_row vc_row-fluid\" ><div class=\"wpb_column vc_column_container vc_col-sm-12\"><div class=\"vc_column-inner\"><div class=\"wpb_wrapper\">\n\t<div class=\"wpb_text_column wpb_content_element\" >\n\t\t<div class=\"wpb_wrapper\">\n\t\t\t<h3>preguntas frecuentes<\/h3>\n\n\t\t<\/div>\n\t<\/div>\n<div class=\"mkdf-accordion-holder mkdf-ac-default  mkdf-accordion mkdf-ac-boxed  clearfix\">\n\t<h5 class=\"mkdf-accordion-title\">\n    <span class=\"mkdf-accordion-mark\">\n\t\t<span class=\"mkdf_icon_plus icon_plus\"><\/span>\n\t\t<span class=\"mkdf_icon_minus icon_minus-06\"><\/span>\n\t<\/span>\n\t<span class=\"mkdf-tab-title\">\u00bfQu\u00e9 requisitos debo cumplir para participar en los cursos?<\/span>\n<\/h5>\n<div class=\"mkdf-accordion-content\">\n\t<div class=\"mkdf-accordion-content-inner\">\n\t\t\n\t<div class=\"wpb_text_column wpb_content_element\" >\n\t\t<div class=\"wpb_wrapper\">\n\t\t\t<p>A excepci\u00f3n del Open Water Diver, se debe probar un curso de buceo completado de antemano para todos los dem\u00e1s cursos.<\/p>\n<p>El seguro es obligatorio en Espa\u00f1a para cubrir el tratamiento hiperb\u00e1rico en caso de accidente de buceo.<\/p>\n<p>Al registrarse, cada buzo firma que tiene un certificado de un m\u00e9dico que confirma que est\u00e1 apto para bucear y llena un cuestionario explicando su estado de salud actual.<\/p>\n<p>Si es menor de 18 a\u00f1os, un tutor legal debe venir a la base para firmar.<\/p>\n<p>Adem\u00e1s, algunos cursos tienen requisitos previos adicionales. Si tiene alguna pregunta, por favor cont\u00e1ctenos.<\/p>\n\n\t\t<\/div>\n\t<\/div>\n\t<\/div>\n<\/div><h5 class=\"mkdf-accordion-title\">\n    <span class=\"mkdf-accordion-mark\">\n\t\t<span class=\"mkdf_icon_plus icon_plus\"><\/span>\n\t\t<span class=\"mkdf_icon_minus icon_minus-06\"><\/span>\n\t<\/span>\n\t<span class=\"mkdf-tab-title\">No he estado buceando durante 1 a\u00f1o o m\u00e1s. \u00bfNecesito hacer un curso de actualizaci\u00f3n?<\/span>\n<\/h5>\n<div class=\"mkdf-accordion-content\">\n\t<div class=\"mkdf-accordion-content-inner\">\n\t\t\n\t<div class=\"wpb_text_column wpb_content_element\" >\n\t\t<div class=\"wpb_wrapper\">\n\t\t\t<p>Ni siquiera notas cu\u00e1nto olvidas con el tiempo. Hable con nosotros y estaremos encantados de aclarar si es necesario un curso de actualizaci\u00f3n en su caso individual.<\/p>\n\n\t\t<\/div>\n\t<\/div>\n\t<\/div>\n<\/div><h5 class=\"mkdf-accordion-title\">\n    <span class=\"mkdf-accordion-mark\">\n\t\t<span class=\"mkdf_icon_plus icon_plus\"><\/span>\n\t\t<span class=\"mkdf_icon_minus icon_minus-06\"><\/span>\n\t<\/span>\n\t<span class=\"mkdf-tab-title\">No tengo licencia de buceo o no puedo probarlo. \u00bfTodav\u00eda puedo participar?<\/span>\n<\/h5>\n<div class=\"mkdf-accordion-content\">\n\t<div class=\"mkdf-accordion-content-inner\">\n\t\t\n\t<div class=\"wpb_text_column wpb_content_element\" >\n\t\t<div class=\"wpb_wrapper\">\n\t\t\t<p>Algunas organizaciones tienen certificaciones que se pueden ver en l\u00ednea. De lo contrario, puede participar en nuestras inmersiones introductorias o completar un curso Open Water Diver con nosotros.<\/p>\n\n\t\t<\/div>\n\t<\/div>\n\t<\/div>\n<\/div><\/div><\/div><\/div><\/div><\/div>","protected":false},"excerpt":{"rendered":"Cursos de buceoVisita uno de nuestros muchos cursosReserva ahora - Se requiere reserva para participar en nuestras actividades PADI Open Water Diver - aproximadamente 3 d\u00edas El curso perfecto para empezar, donde aprender\u00e1s a bucear de forma independiente en un equipo de amigos. Al final [...]","protected":false},"author":2,"featured_media":0,"parent":43,"menu_order":0,"comment_status":"closed","ping_status":"closed","template":"","meta":{"footnotes":""},"class_list":["post-517","page","type-page","status-publish","hentry"],"_links":{"self":[{"href":"https:\/\/skualo-portocolom.com\/es\/wp-json\/wp\/v2\/pages\/517","targetHints":{"allow":["GET"]}}],"collection":[{"href":"https:\/\/skualo-portocolom.com\/es\/wp-json\/wp\/v2\/pages"}],"about":[{"href":"https:\/\/skualo-portocolom.com\/es\/wp-json\/wp\/v2\/types\/page"}],"author":[{"embeddable":true,"href":"https:\/\/skualo-portocolom.com\/es\/wp-json\/wp\/v2\/users\/2"}],"replies":[{"embeddable":true,"href":"https:\/\/skualo-portocolom.com\/es\/wp-json\/wp\/v2\/comments?post=517"}],"version-history":[{"count":0,"href":"https:\/\/skualo-portocolom.com\/es\/wp-json\/wp\/v2\/pages\/517\/revisions"}],"up":[{"embeddable":true,"href":"https:\/\/skualo-portocolom.com\/es\/wp-json\/wp\/v2\/pages\/43"}],"wp:attachment":[{"href":"https:\/\/skualo-portocolom.com\/es\/wp-json\/wp\/v2\/media?parent=517"}],"curies":[{"name":"gracias","href":"https:\/\/api.w.org\/{rel}","templated":true}]}}