{"id":500,"date":"2023-02-12T12:35:59","date_gmt":"2023-02-12T12:35:59","guid":{"rendered":"https:\/\/skualo-portocolom.com\/?page_id=500"},"modified":"2023-03-26T10:20:56","modified_gmt":"2023-03-26T10:20:56","slug":"schnuppertauchen","status":"publish","type":"page","link":"https:\/\/skualo-portocolom.com\/es\/activity\/schnuppertauchen\/","title":{"rendered":"Inmersi\u00f3n de prueba"},"content":{"rendered":"<div data-vc-full-width=\"true\" data-vc-full-width-init=\"false\" class=\"vc_row wpb_row vc_row-fluid vc_custom_1677688471340 vc_row-has-fill\" ><div class=\"wpb_column vc_column_container vc_col-sm-12\"><div class=\"vc_column-inner\"><div class=\"wpb_wrapper\"><div class=\"vc_empty_space\"   style=\"height: 20em\"><span class=\"vc_empty_space_inner\"><\/span><\/div><h2 style=\"font-size: 3em;color: #ffffff;text-align: left;font-family:Contrail One;font-weight:400;font-style:normal\" class=\"vc_custom_heading\" >Inmersi\u00f3n de prueba<\/h2><h2 style=\"font-size: 2em;color: #ffffff;text-align: left;font-family:Contrail One;font-weight:400;font-style:normal\" class=\"vc_custom_heading\" >Prueba lo que es respirar bajo el agua<\/h2><\/div><\/div><\/div><\/div><div class=\"vc_row-full-width vc_clearfix\"><\/div><div data-vc-full-width=\"true\" data-vc-full-width-init=\"false\" class=\"vc_row wpb_row vc_row-fluid vc_custom_1676205872664 vc_row-has-fill\" ><div class=\"wpb_column vc_column_container vc_col-sm-12\"><div class=\"vc_column-inner\"><div class=\"wpb_wrapper\"><section class=\"vc_cta3-container\"><div class=\"vc_general vc_cta3 vc_cta3-style-flat vc_cta3-shape-square vc_cta3-align-left vc_cta3-color-classic vc_cta3-icon-size-xl vc_cta3-icons-right vc_custom_1676209563125\"><div class=\"vc_cta3_content-container\"><div class=\"vc_cta3-content\"><header class=\"vc_cta3-content-header\"><\/header><h3 style=\"text-align: left;\"><a href=\"https:\/\/skualo-portocolom.com\/es\/?page_id=50\">Reserve ahora: se requieren reservaciones para participar en nuestras actividades<\/a><\/h3>\n<\/div><\/div><div class=\"vc_cta3-icons\"><div class=\"vc_icon_element vc_icon_element-outer vc_icon_element-align-left\"><div class=\"vc_icon_element-inner vc_icon_element-color-custom vc_icon_element-size-xl vc_icon_element-style- vc_icon_element-background-color-grey\" ><span class=\"vc_icon_element-icon fa fa-shopping-cart\" style=\"color:#024998 !important\"><\/span><a class=\"vc_icon_element-link\" href=\"https:\/\/skualo-portocolom.com\/es\/?page_id=50\"  title=\"cursos de buceo\" target=\"_self\"><\/a><\/div><\/div><\/div><\/div><\/section><\/div><\/div><\/div><\/div><div class=\"vc_row-full-width vc_clearfix\"><\/div><div class=\"vc_row wpb_row vc_row-fluid\" ><div class=\"wpb_column vc_column_container vc_col-sm-12\"><div class=\"vc_column-inner\"><div class=\"wpb_wrapper\">\n\t<div class=\"wpb_text_column wpb_content_element\" >\n\t\t<div class=\"wpb_wrapper\">\n\t\t\t<h3>Inmersi\u00f3n de prueba<\/h3>\n\n\t\t<\/div>\n\t<\/div>\n<div class=\"vc_row wpb_row vc_inner vc_row-fluid\" ><div class=\"wpb_column vc_column_container vc_col-sm-6\"><div class=\"vc_column-inner\"><div class=\"wpb_wrapper\">\n\t<div class=\"wpb_text_column wpb_content_element\" >\n\t\t<div class=\"wpb_wrapper\">\n\t\t\t<p>Comienza ahora tu aventura y aprende a respirar bajo el agua con nosotros. De antemano, explicamos exactamente c\u00f3mo funciona todo y a qu\u00e9 le prestamos atenci\u00f3n. Muchos peque\u00f1os peces damisela y, por supuesto, nuestros instructores de buceo lo acompa\u00f1ar\u00e1n en su primera inmersi\u00f3n. Bream a menudo se sienta en los asientos de los espectadores mientras le mostramos c\u00f3mo usar el equipo bajo el agua. Explorando el sitio de buceo pasamos por el hogar de pulpos, morenas y estrellas de mar. Bueno, curiosidad si alguien est\u00e1 en casa? Entonces reg\u00edstrate ahora.<\/p>\n\n\t\t<\/div>\n\t<\/div>\n<\/div><\/div><\/div><div class=\"wpb_column vc_column_container vc_col-sm-6\"><div class=\"vc_column-inner\"><div class=\"wpb_wrapper\">\n\t<div class=\"wpb_video_widget wpb_content_element vc_clearfix   vc_video-aspect-ratio-169 vc_video-el-width-100 vc_video-align-left\" >\n\t\t<div class=\"wpb_wrapper\">\n\t\t\t\n\t\t\t<div class=\"wpb_video_wrapper\"><iframe loading=\"lazy\" title=\"Timelapse - Faro (octubre de 2012)\" src=\"https:\/\/player.vimeo.com\/video\/51589652?h=836062ff9b&amp;dnt=1&amp;app_id=122963\" width=\"1100\" height=\"619\" frameborder=\"0\" allow=\"autoplay; fullscreen; picture-in-picture\" allowfullscreen><\/iframe><\/div>\n\t\t<\/div>\n\t<\/div>\n<\/div><\/div><\/div><\/div><\/div><\/div><\/div><\/div><div class=\"vc_row wpb_row vc_row-fluid vc_custom_1676206149999\" ><div class=\"wpb_column vc_column_container vc_col-sm-3\"><div class=\"vc_column-inner\"><div class=\"wpb_wrapper\"><div class=\"mkdf-iwt clearfix  mkdf-iwt-icon-top mkdf-iwt-icon-huge\">\n\t<div class=\"mkdf-iwt-icon\">\n\t\t\t\t\t\t\t\t\t    <span class=\"mkdf-icon-shortcode mkdf-normal   mkdf-icon-huge\"  data-hover-color=\"#c20e1a\" data-color=\"#024998\">\n                    <i class=\"mkdf-icon-font-awesome fa fa-clock-o mkdf-icon-element\" style=\"color: #024998\" ><\/i>            <\/span>\n\t\t\t\t\t\t<\/div>\n\t<div class=\"mkdf-iwt-content\" >\n\t\t\t\t\t<h4 class=\"mkdf-iwt-title\" >\n\t\t\t\t\t\t\t\t<span class=\"mkdf-iwt-title-text\">Per\u00edodo de tiempo<\/span>\n\t\t\t\t\t\t\t<\/h4>\n\t\t\t\t\t\t\t<p class=\"mkdf-iwt-text\" >En total, estar\u00e1s con nosotros durante unas 3 horas. Estamos en el agua unos 45 minutos, dependiendo de tu consumo de aire<\/p>\n\t\t\t<\/div>\n<\/div><\/div><\/div><\/div><div class=\"wpb_column vc_column_container vc_col-sm-3\"><div class=\"vc_column-inner\"><div class=\"wpb_wrapper\"><div class=\"mkdf-iwt clearfix  mkdf-iwt-icon-top mkdf-iwt-icon-huge\">\n\t<div class=\"mkdf-iwt-icon\">\n\t\t\t\t\t\t\t\t\t    <span class=\"mkdf-icon-shortcode mkdf-normal   mkdf-icon-huge\"  data-hover-color=\"#c20e1a\" data-color=\"#024998\">\n                    <i class=\"mkdf-icon-font-awesome fa fa-shield mkdf-icon-element\" style=\"color: #024998\" ><\/i>            <\/span>\n\t\t\t\t\t\t<\/div>\n\t<div class=\"mkdf-iwt-content\" >\n\t\t\t\t\t<h4 class=\"mkdf-iwt-title\" >\n\t\t\t\t\t\t\t\t<span class=\"mkdf-iwt-title-text\">seguro<\/span>\n\t\t\t\t\t\t\t<\/h4>\n\t\t\t\t\t\t\t<p class=\"mkdf-iwt-text\" >Est\u00e1 totalmente asegurado a trav\u00e9s de nosotros y siempre estamos cerca para garantizar una experiencia segura. Por supuesto, tampoco falta la diversi\u00f3n; - )<\/p>\n\t\t\t<\/div>\n<\/div><\/div><\/div><\/div><div class=\"wpb_column vc_column_container vc_col-sm-3\"><div class=\"vc_column-inner\"><div class=\"wpb_wrapper\"><div class=\"mkdf-iwt clearfix  mkdf-iwt-icon-top mkdf-iwt-icon-huge\">\n\t<div class=\"mkdf-iwt-icon\">\n\t\t\t\t\t\t\t\t\t    <span class=\"mkdf-icon-shortcode mkdf-normal   mkdf-icon-huge\"  data-hover-color=\"#c20e1a\" data-color=\"#024998\">\n                    <i class=\"mkdf-icon-font-awesome fa fa-language mkdf-icon-element\" style=\"color: #024998\" ><\/i>            <\/span>\n\t\t\t\t\t\t<\/div>\n\t<div class=\"mkdf-iwt-content\" >\n\t\t\t\t\t<h4 class=\"mkdf-iwt-title\" >\n\t\t\t\t\t\t\t\t<span class=\"mkdf-iwt-title-text\">Pluriling\u00fce<\/span>\n\t\t\t\t\t\t\t<\/h4>\n\t\t\t\t\t\t\t<p class=\"mkdf-iwt-text\" >Hablamos tu idioma. En palabras sencillas y comprensibles te explicaremos c\u00f3mo funciona todo en ingl\u00e9s, espa\u00f1ol, franc\u00e9s o alem\u00e1n.<\/p>\n\t\t\t<\/div>\n<\/div><\/div><\/div><\/div><div class=\"wpb_column vc_column_container vc_col-sm-3\"><div class=\"vc_column-inner\"><div class=\"wpb_wrapper\"><div class=\"mkdf-iwt clearfix  mkdf-iwt-icon-top mkdf-iwt-icon-huge\">\n\t<div class=\"mkdf-iwt-icon\">\n\t\t\t\t\t\t\t\t\t    <span class=\"mkdf-icon-shortcode mkdf-normal   mkdf-icon-huge\"  data-hover-color=\"#c20e1a\" data-color=\"#024998\">\n                    <i class=\"mkdf-icon-dripicons dripicon dripicons-anchor mkdf-icon-element\" style=\"color: #024998\" ><\/i>            <\/span>\n\t\t\t\t\t\t<\/div>\n\t<div class=\"mkdf-iwt-content\" >\n\t\t\t\t\t<h4 class=\"mkdf-iwt-title\" >\n\t\t\t\t\t\t\t\t<span class=\"mkdf-iwt-title-text\">bote<\/span>\n\t\t\t\t\t\t\t<\/h4>\n\t\t\t\t\t\t\t<p class=\"mkdf-iwt-text\" >Todas nuestras inmersiones se realizan en barco. Una c\u00f3moda escalera ayuda a subir y bajar<\/p>\n\t\t\t<\/div>\n<\/div><\/div><\/div><\/div><\/div><div data-vc-full-width=\"true\" data-vc-full-width-init=\"false\" class=\"vc_row wpb_row vc_row-fluid vc_custom_1676206364900 vc_row-has-fill\" ><div class=\"wpb_column vc_column_container vc_col-sm-12\"><div class=\"vc_column-inner\"><div class=\"wpb_wrapper\"><section class=\"vc_cta3-container\"><div class=\"vc_general vc_cta3 vc_cta3-style-flat vc_cta3-shape-square vc_cta3-align-left vc_cta3-color-classic vc_cta3-icon-size-xl vc_cta3-icons-right vc_custom_1676220650586\"><div class=\"vc_cta3_content-container\"><div class=\"vc_cta3-content\"><header class=\"vc_cta3-content-header\"><\/header><h3 style=\"text-align: left;\">\u00bfTienes una pregunta? Entonces ll\u00e1menos, \u00bfverdad? <a href=\"https:\/\/wa.me\/34661488680\" target=\"_blank\" rel=\"noopener\">env\u00edanos un WhatsApp +34 661 488 680<\/a><\/h3>\n<\/div><\/div><div class=\"vc_cta3-icons\"><div class=\"vc_icon_element vc_icon_element-outer vc_icon_element-align-left\"><div class=\"vc_icon_element-inner vc_icon_element-color-custom vc_icon_element-size-xl vc_icon_element-style- vc_icon_element-background-color-grey\" ><span class=\"vc_icon_element-icon fa fa-whatsapp\" style=\"color:#024998 !important\"><\/span><a class=\"vc_icon_element-link\" href=\"https:\/\/wa.me\/34661488680\"  title=\"\" target=\" _blank\"><\/a><\/div><\/div><\/div><\/div><\/section><\/div><\/div><\/div><\/div><div class=\"vc_row-full-width vc_clearfix\"><\/div><div class=\"vc_row wpb_row vc_row-fluid\" ><div class=\"wpb_column vc_column_container vc_col-sm-12\"><div class=\"vc_column-inner\"><div class=\"wpb_wrapper\">\n\t<div class=\"wpb_text_column wpb_content_element\" >\n\t\t<div class=\"wpb_wrapper\">\n\t\t\t<h3>Popular<\/h3>\n\n\t\t<\/div>\n\t<\/div>\n<div class=\"vc_row wpb_row vc_inner vc_row-fluid\" ><div class=\"wpb_column vc_column_container vc_col-sm-4\"><div class=\"vc_column-inner vc_custom_1676206752514\"><div class=\"wpb_wrapper\"><div class=\"mkdf-interactive-boxes-holder\">\n    <div class=\"mkdf-ib-text-holder\">\n                <h4 class=\"mkdf-ib-title\" >cursos de buceo<\/h4>\n                        <p class=\"mkdf-ib-text\" >Open Water Diver \u2013 el curso para principiantes<\/p>\n                         <a itemprop=\"url\" href=\"https:\/\/skualo-portocolom.com\/es\/?page_id=517\" target=\"_self\" class=\"mkdf-ib-link-text\" >\n             <span class=\"mkdf-ib-link-label\">aprende m\u00e1s<\/span>\n         <\/a>\n            <\/div>\n    <div class=\"mkdf-ib-image\">\n                    <a itemprop=\"url\" href=\"https:\/\/skualo-portocolom.com\/es\/?page_id=517\" target=\"_self\">\n                <img loading=\"lazy\" decoding=\"async\" width=\"150\" height=\"150\" src=\"https:\/\/skualo-portocolom.com\/wp-content\/uploads\/2023\/03\/OWD-150x150.jpeg\" class=\"attachment-thumbnail size-thumbnail\" alt=\"\" srcset=\"https:\/\/skualo-portocolom.com\/wp-content\/uploads\/2023\/03\/OWD-150x150.jpeg 150w, https:\/\/skualo-portocolom.com\/wp-content\/uploads\/2023\/03\/OWD-550x550.jpeg 550w, https:\/\/skualo-portocolom.com\/wp-content\/uploads\/2023\/03\/OWD-1100x1100.jpeg 1100w\" sizes=\"auto, (max-width: 150px) 100vw, 150px\" \/>                    <\/a>\n            <\/div>\n<\/div><\/div><\/div><\/div><div class=\"wpb_column vc_column_container vc_col-sm-4\"><div class=\"vc_column-inner vc_custom_1676207132639\"><div class=\"wpb_wrapper\"><div class=\"mkdf-interactive-boxes-holder\">\n    <div class=\"mkdf-ib-text-holder\">\n                <h4 class=\"mkdf-ib-title\" >bucear<\/h4>\n                        <p class=\"mkdf-ib-text\" >Para toda la familia<\/p>\n                         <a itemprop=\"url\" href=\"https:\/\/skualo-portocolom.com\/es\/?page_id=524\" target=\"_self\" class=\"mkdf-ib-link-text\" >\n             <span class=\"mkdf-ib-link-label\">aprende m\u00e1s<\/span>\n         <\/a>\n            <\/div>\n    <div class=\"mkdf-ib-image\">\n                    <a itemprop=\"url\" href=\"https:\/\/skualo-portocolom.com\/es\/?page_id=524\" target=\"_self\">\n                <img loading=\"lazy\" decoding=\"async\" width=\"150\" height=\"150\" src=\"https:\/\/skualo-portocolom.com\/wp-content\/uploads\/2023\/03\/7.1-150x150.jpeg\" class=\"attachment-thumbnail size-thumbnail\" alt=\"\" srcset=\"https:\/\/skualo-portocolom.com\/wp-content\/uploads\/2023\/03\/7.1-150x150.jpeg 150w, https:\/\/skualo-portocolom.com\/wp-content\/uploads\/2023\/03\/7.1-550x550.jpeg 550w, https:\/\/skualo-portocolom.com\/wp-content\/uploads\/2023\/03\/7.1-1100x1100.jpeg 1100w\" sizes=\"auto, (max-width: 150px) 100vw, 150px\" \/>                    <\/a>\n            <\/div>\n<\/div><\/div><\/div><\/div><div class=\"wpb_column vc_column_container vc_col-sm-4\"><div class=\"vc_column-inner vc_custom_1676207148821\"><div class=\"wpb_wrapper\"><div class=\"mkdf-interactive-boxes-holder\">\n    <div class=\"mkdf-ib-text-holder\">\n                <h4 class=\"mkdf-ib-title\" >la cueva del mar<\/h4>\n                        <p class=\"mkdf-ib-text\" >Nuestra aventura en la cueva pirata es \u00fanica.<\/p>\n                         <a itemprop=\"url\" href=\"https:\/\/skualo-portocolom.com\/es\/?page_id=528\" target=\"_self\" class=\"mkdf-ib-link-text\" >\n             <span class=\"mkdf-ib-link-label\">aprende m\u00e1s<\/span>\n         <\/a>\n            <\/div>\n    <div class=\"mkdf-ib-image\">\n                    <a itemprop=\"url\" href=\"https:\/\/skualo-portocolom.com\/es\/?page_id=528\" target=\"_self\">\n                <img loading=\"lazy\" decoding=\"async\" width=\"150\" height=\"150\" src=\"https:\/\/skualo-portocolom.com\/wp-content\/uploads\/2023\/03\/6.1-150x150.jpeg\" class=\"attachment-thumbnail size-thumbnail\" alt=\"\" srcset=\"https:\/\/skualo-portocolom.com\/wp-content\/uploads\/2023\/03\/6.1-150x150.jpeg 150w, https:\/\/skualo-portocolom.com\/wp-content\/uploads\/2023\/03\/6.1-550x550.jpeg 550w, https:\/\/skualo-portocolom.com\/wp-content\/uploads\/2023\/03\/6.1-1100x1100.jpeg 1100w\" sizes=\"auto, (max-width: 150px) 100vw, 150px\" \/>                    <\/a>\n            <\/div>\n<\/div><\/div><\/div><\/div><\/div><\/div><\/div><\/div><\/div><div class=\"vc_row wpb_row vc_row-fluid\" ><div class=\"wpb_column vc_column_container vc_col-sm-12\"><div class=\"vc_column-inner\"><div class=\"wpb_wrapper\">\n\t<div class=\"wpb_text_column wpb_content_element\" >\n\t\t<div class=\"wpb_wrapper\">\n\t\t\t<h3>preguntas frecuentes<\/h3>\n\n\t\t<\/div>\n\t<\/div>\n<div class=\"mkdf-accordion-holder mkdf-ac-default  mkdf-accordion mkdf-ac-boxed  clearfix\">\n\t<h5 class=\"mkdf-accordion-title\">\n    <span class=\"mkdf-accordion-mark\">\n\t\t<span class=\"mkdf_icon_plus icon_plus\"><\/span>\n\t\t<span class=\"mkdf_icon_minus icon_minus-06\"><\/span>\n\t<\/span>\n\t<span class=\"mkdf-tab-title\">\u00bfQu\u00e9 requisitos debo cumplir para participar en la inmersi\u00f3n de iniciaci\u00f3n?<\/span>\n<\/h5>\n<div class=\"mkdf-accordion-content\">\n\t<div class=\"mkdf-accordion-content-inner\">\n\t\t\n\t<div class=\"wpb_text_column wpb_content_element\" >\n\t\t<div class=\"wpb_wrapper\">\n\t\t\t<p>Debe poder nadar y sentirse c\u00f3modo en el agua.<\/p>\n<p>Al registrarse, cada buzo firma que tiene un certificado de un m\u00e9dico que confirma que est\u00e1 apto para bucear y llena un cuestionario explicando su estado de salud actual.<\/p>\n<p>Si es menor de 18 a\u00f1os, un tutor legal debe venir a la base para firmar.<\/p>\n\n\t\t<\/div>\n\t<\/div>\n\t<\/div>\n<\/div><h5 class=\"mkdf-accordion-title\">\n    <span class=\"mkdf-accordion-mark\">\n\t\t<span class=\"mkdf_icon_plus icon_plus\"><\/span>\n\t\t<span class=\"mkdf_icon_minus icon_minus-06\"><\/span>\n\t<\/span>\n\t<span class=\"mkdf-tab-title\">\u00bfQu\u00e9 pueden hacer mis familiares o amigos durante este tiempo?<\/span>\n<\/h5>\n<div class=\"mkdf-accordion-content\">\n\t<div class=\"mkdf-accordion-content-inner\">\n\t\t\n\t<div class=\"wpb_text_column wpb_content_element\" >\n\t\t<div class=\"wpb_wrapper\">\n\t\t\t<p>Le invitamos a venir a bucear con nosotros. Solemos ir al mismo lugar, por lo que si lo deseas, nuestro gu\u00eda de snorkel se quedar\u00e1 con los buceadores para observarlos. Por supuesto, tambi\u00e9n puedes alquilar un kayak.<\/p>\n\n\t\t<\/div>\n\t<\/div>\n\t<\/div>\n<\/div><h5 class=\"mkdf-accordion-title\">\n    <span class=\"mkdf-accordion-mark\">\n\t\t<span class=\"mkdf_icon_plus icon_plus\"><\/span>\n\t\t<span class=\"mkdf_icon_minus icon_minus-06\"><\/span>\n\t<\/span>\n\t<span class=\"mkdf-tab-title\">No tengo experiencia. \u00bfTodav\u00eda puedo participar?<\/span>\n<\/h5>\n<div class=\"mkdf-accordion-content\">\n\t<div class=\"mkdf-accordion-content-inner\">\n\t\t\n\t<div class=\"wpb_text_column wpb_content_element\" >\n\t\t<div class=\"wpb_wrapper\">\n\t\t\t<p>El buceo de prueba es para todos los que nunca antes han buceado, a\u00fan no tienen una licencia de buceo o no pueden demostrar que han completado un curso de buceo.<\/p>\n\n\t\t<\/div>\n\t<\/div>\n\t<\/div>\n<\/div><\/div><\/div><\/div><\/div><\/div><div class=\"vc_row wpb_row vc_row-fluid\" ><div class=\"wpb_column vc_column_container vc_col-sm-12\"><div class=\"vc_column-inner\"><div class=\"wpb_wrapper\"><div class=\"vc_empty_space\"   style=\"height: 5em\"><span class=\"vc_empty_space_inner\"><\/span><\/div><\/div><\/div><\/div><\/div>","protected":false},"excerpt":{"rendered":"Trial BuceoPrueba c\u00f3mo es respirar bajo el aguaReserva ahora - es necesario reservar para participar en nuestras actividades Trial Buceo Comienza ahora tu aventura y aprende a respirar bajo el agua con nosotros. De antemano le explicaremos exactamente c\u00f3mo [...]","protected":false},"author":2,"featured_media":0,"parent":43,"menu_order":0,"comment_status":"closed","ping_status":"closed","template":"","meta":{"footnotes":""},"class_list":["post-500","page","type-page","status-publish","hentry"],"_links":{"self":[{"href":"https:\/\/skualo-portocolom.com\/es\/wp-json\/wp\/v2\/pages\/500","targetHints":{"allow":["GET"]}}],"collection":[{"href":"https:\/\/skualo-portocolom.com\/es\/wp-json\/wp\/v2\/pages"}],"about":[{"href":"https:\/\/skualo-portocolom.com\/es\/wp-json\/wp\/v2\/types\/page"}],"author":[{"embeddable":true,"href":"https:\/\/skualo-portocolom.com\/es\/wp-json\/wp\/v2\/users\/2"}],"replies":[{"embeddable":true,"href":"https:\/\/skualo-portocolom.com\/es\/wp-json\/wp\/v2\/comments?post=500"}],"version-history":[{"count":0,"href":"https:\/\/skualo-portocolom.com\/es\/wp-json\/wp\/v2\/pages\/500\/revisions"}],"up":[{"embeddable":true,"href":"https:\/\/skualo-portocolom.com\/es\/wp-json\/wp\/v2\/pages\/43"}],"wp:attachment":[{"href":"https:\/\/skualo-portocolom.com\/es\/wp-json\/wp\/v2\/media?parent=500"}],"curies":[{"name":"gracias","href":"https:\/\/api.w.org\/{rel}","templated":true}]}}