{"id":299,"date":"2023-02-11T17:32:48","date_gmt":"2023-02-11T17:32:48","guid":{"rendered":"https:\/\/skualo-portocolom.com\/?page_id=299"},"modified":"2023-04-17T15:18:53","modified_gmt":"2023-04-17T15:18:53","slug":"hohlentauchen","status":"publish","type":"page","link":"https:\/\/skualo-portocolom.com\/es\/hohlentauchen\/","title":{"rendered":"buceo en cuevas"},"content":{"rendered":"<div data-vc-full-width=\"true\" data-vc-full-width-init=\"false\" class=\"vc_row wpb_row vc_row-fluid vc_custom_1677688362597 vc_row-has-fill vc_row-o-content-bottom vc_row-flex\" style=\"background-color:#fed131\"><div class=\"wpb_column vc_column_container vc_col-sm-12\"><div class=\"vc_column-inner\"><div class=\"wpb_wrapper\"><div class=\"vc_empty_space\"   style=\"height: 20em\"><span class=\"vc_empty_space_inner\"><\/span><\/div><h2 style=\"font-size: 3em;color: #ffffff;text-align: left;font-family:Contrail One;font-weight:400;font-style:normal\" class=\"vc_custom_heading\" >buceo en cuevas<\/h2><h2 style=\"font-size: 2em;color: #ffffff;text-align: left;font-family:Contrail One;font-weight:400;font-style:normal\" class=\"vc_custom_heading\" >Pura fascinaci\u00f3n<\/h2><\/div><\/div><\/div><\/div><div class=\"vc_row-full-width vc_clearfix\"><\/div><div data-vc-full-width=\"true\" data-vc-full-width-init=\"false\" class=\"vc_row wpb_row vc_row-fluid vc_custom_1676195003579 vc_row-has-fill\" ><div class=\"wpb_column vc_column_container vc_col-sm-12\"><div class=\"vc_column-inner\"><div class=\"wpb_wrapper\"><section class=\"vc_cta3-container\"><div class=\"vc_general vc_cta3 vc_cta3-style-flat vc_cta3-shape-square vc_cta3-align-left vc_cta3-color-classic vc_cta3-icon-size-xl vc_cta3-icons-right vc_custom_1676210480583\"><div class=\"vc_cta3_content-container\"><div class=\"vc_cta3-content\"><header class=\"vc_cta3-content-header\"><\/header><h3 style=\"text-align: left;\"><a href=\"https:\/\/skualo-portocolom.com\/es\/?page_id=50\">Reserve ahora: se requieren reservaciones para participar en nuestras actividades<\/a><\/h3>\n<\/div><\/div><div class=\"vc_cta3-icons\"><div class=\"vc_icon_element vc_icon_element-outer vc_icon_element-align-left\"><div class=\"vc_icon_element-inner vc_icon_element-color-custom vc_icon_element-size-xl vc_icon_element-style- vc_icon_element-background-color-grey\" ><span class=\"vc_icon_element-icon fa fa-shopping-cart\" style=\"color:#024998 !important\"><\/span><a class=\"vc_icon_element-link\" href=\"https:\/\/skualo-portocolom.com\/es\/?page_id=50\"  title=\"Contacto\" target=\"_self\"><\/a><\/div><\/div><\/div><\/div><\/section><\/div><\/div><\/div><\/div><div class=\"vc_row-full-width vc_clearfix\"><\/div><div class=\"vc_row wpb_row vc_row-fluid vc_custom_1676193713632 vc_row-has-fill\" ><div class=\"wpb_column vc_column_container vc_col-sm-12\"><div class=\"vc_column-inner\"><div class=\"wpb_wrapper\">\n\t<div class=\"wpb_text_column wpb_content_element\" >\n\t\t<div class=\"wpb_wrapper\">\n\t\t\t<p>El buceo en cuevas es una de las especialidades m\u00e1s fascinantes del buceo. \u00a1La formaci\u00f3n y el liderazgo serios y profesionales son vitales aqu\u00ed! Aqu\u00ed en Mallorca, las cuevas est\u00e1n protegidas por la naturaleza, ya que a menudo albergan estalagmitas y estalactitas que tienen millones de a\u00f1os. Por lo tanto, ofrecemos entrenamiento e inmersiones guiadas en configuraci\u00f3n de montaje lateral. As\u00ed es como mejor podemos proteger la decoraci\u00f3n y especialmente las estalactitas que cuelgan del techo. Nuestras cuevas a menudo no ofrecen una gran \u00e1rea de entrada, por lo que recomendamos la combinaci\u00f3n de Sidemount, Cavern y Cave Diver como curso o certificaci\u00f3n para llevar contigo. Por supuesto, tambi\u00e9n ofrecemos inmersiones guiadas y formaci\u00f3n para buceadores de cueva completos.<\/p>\n\n\t\t<\/div>\n\t<\/div>\n<\/div><\/div><\/div><\/div><div class=\"vc_row wpb_row vc_row-fluid vc_custom_1676193703452 vc_row-has-fill\" ><div class=\"wpb_column vc_column_container vc_col-sm-4\"><div class=\"vc_column-inner\"><div class=\"wpb_wrapper\"><div class=\"mkdf-iwt clearfix  mkdf-iwt-icon-top mkdf-iwt-icon-huge\">\n\t<div class=\"mkdf-iwt-icon\">\n\t\t\t\t\t\t\t\t\t    <span class=\"mkdf-icon-shortcode mkdf-normal   mkdf-icon-huge\"  data-hover-color=\"#c20e1a\" data-color=\"#024998\">\n                    <i class=\"mkdf-icon-font-awesome fa fa-exclamation-triangle mkdf-icon-element\" style=\"color: #024998\" ><\/i>            <\/span>\n\t\t\t\t\t\t<\/div>\n\t<div class=\"mkdf-iwt-content\" >\n\t\t\t\t\t<h4 class=\"mkdf-iwt-title\" >\n\t\t\t\t\t\t\t\t<span class=\"mkdf-iwt-title-text\">Inusual<\/span>\n\t\t\t\t\t\t\t<\/h4>\n\t\t\t\t\t\t\t<p class=\"mkdf-iwt-text\" >No todo el mundo puede ofrecer lo que ofrecemos.<\/p>\n\t\t\t<\/div>\n<\/div><\/div><\/div><\/div><div class=\"wpb_column vc_column_container vc_col-sm-4\"><div class=\"vc_column-inner\"><div class=\"wpb_wrapper\"><div class=\"mkdf-iwt clearfix  mkdf-iwt-icon-top mkdf-iwt-icon-huge\">\n\t<div class=\"mkdf-iwt-icon\">\n\t\t\t\t\t\t\t\t\t    <span class=\"mkdf-icon-shortcode mkdf-normal   mkdf-icon-huge\"  data-hover-color=\"#c20e1a\" data-color=\"#024998\">\n                    <i class=\"mkdf-icon-font-awesome fa fa-language mkdf-icon-element\" style=\"color: #024998\" ><\/i>            <\/span>\n\t\t\t\t\t\t<\/div>\n\t<div class=\"mkdf-iwt-content\" >\n\t\t\t\t\t<h4 class=\"mkdf-iwt-title\" >\n\t\t\t\t\t\t\t\t<span class=\"mkdf-iwt-title-text\">Pluriling\u00fce<\/span>\n\t\t\t\t\t\t\t<\/h4>\n\t\t\t\t\t\t\t<p class=\"mkdf-iwt-text\" >Hablamos tu idioma. En palabras sencillas y comprensibles te explicaremos c\u00f3mo funciona todo en ingl\u00e9s, espa\u00f1ol, franc\u00e9s o alem\u00e1n.<\/p>\n\t\t\t<\/div>\n<\/div><\/div><\/div><\/div><div class=\"wpb_column vc_column_container vc_col-sm-4\"><div class=\"vc_column-inner\"><div class=\"wpb_wrapper\"><div class=\"mkdf-iwt clearfix  mkdf-iwt-icon-top mkdf-iwt-icon-huge\">\n\t<div class=\"mkdf-iwt-icon\">\n\t\t\t\t\t\t\t\t\t    <span class=\"mkdf-icon-shortcode mkdf-normal   mkdf-icon-huge\"  data-hover-color=\"#c20e1a\" data-color=\"#024998\">\n                    <i class=\"mkdf-icon-font-awesome fa fa-shield mkdf-icon-element\" style=\"color: #024998\" ><\/i>            <\/span>\n\t\t\t\t\t\t<\/div>\n\t<div class=\"mkdf-iwt-content\" >\n\t\t\t\t\t<h4 class=\"mkdf-iwt-title\" >\n\t\t\t\t\t\t\t\t<span class=\"mkdf-iwt-title-text\">competentemente<\/span>\n\t\t\t\t\t\t\t<\/h4>\n\t\t\t\t\t\t\t<p class=\"mkdf-iwt-text\" >M\u00e1s de 20 a\u00f1os de experiencia en buceo en cuevas en Mallorca.<\/p>\n\t\t\t<\/div>\n<\/div><\/div><\/div><\/div><\/div><div class=\"vc_row wpb_row vc_row-fluid\" ><div class=\"wpb_column vc_column_container vc_col-sm-12\"><div class=\"vc_column-inner\"><div class=\"wpb_wrapper\"><div class=\"vc_row wpb_row vc_inner vc_row-fluid\" ><div class=\"wpb_column vc_column_container vc_col-sm-12\"><div class=\"vc_column-inner\"><div class=\"wpb_wrapper\"><h4 style=\"font-size: 2em;text-align: left;font-family:Contrail One;font-weight:400;font-style:normal\" class=\"vc_custom_heading\" >SCD-HT1 caverna o \u00e1rea de luz natural<\/h4>\n\t<div class=\"wpb_text_column wpb_content_element\" >\n\t\t<div class=\"wpb_wrapper\">\n\t\t\t<p>Comience su entrenamiento en el \u00e1rea de luz de una gruta. Aprende paso a paso lo que significa ser buzo de cuevas y las responsabilidades que asumes al obtener este t\u00edtulo. Se requiere s\u00f3lida formaci\u00f3n y experiencia en aguas abiertas.<\/p>\n\n\t\t<\/div>\n\t<\/div>\n<h4 style=\"font-size: 2em;text-align: left;font-family:Contrail One;font-weight:400;font-style:normal\" class=\"vc_custom_heading vc_custom_1676221789809\" >SCD-HT2 Cueva o zona de oscuridad permanente<\/h4>\n\t<div class=\"wpb_text_column wpb_content_element\" >\n\t\t<div class=\"wpb_wrapper\">\n\t\t\t<p>\u00bfLa oscuridad es tu amiga y la p\u00e9rdida total de luz significa relajaci\u00f3n para ti? Entonces estaremos encantados de ense\u00f1arle c\u00f3mo encontrar la salida de su cueva de forma segura en tal situaci\u00f3n. Tender l\u00edneas, remendar y montar saltos tambi\u00e9n forman parte de este curso.<\/p>\n\n\t\t<\/div>\n\t<\/div>\n<h4 style=\"font-size: 2em;text-align: left;font-family:Contrail One;font-weight:400;font-style:normal\" class=\"vc_custom_heading vc_custom_1676221796985\" >SCD-HT3 cueva completa o zona de oscuridad permanente y possif\u00f3n\/cuellos de botella<\/h4>\n\t<div class=\"wpb_text_column wpb_content_element\" >\n\t\t<div class=\"wpb_wrapper\">\n\t\t\t<p>Por donde pasa la cabeza, \u00bfpasa tambi\u00e9n el resto del ser humano? Entre otras cosas, practicamos el paso por cuellos de botella, el manejo de botellas de escenario y la creaci\u00f3n de dep\u00f3sitos de botellas. Como buceador de cuevas Divemaster, tambi\u00e9n aprendes a tomar la iniciativa.<\/p>\n\n\t\t<\/div>\n\t<\/div>\n<h4 style=\"font-size: 2em;text-align: left;font-family:Contrail One;font-weight:400;font-style:normal\" class=\"vc_custom_heading vc_custom_1676221805570\" >Inmersiones guiadas en cuevas<\/h4>\n\t<div class=\"wpb_text_column wpb_content_element\" >\n\t\t<div class=\"wpb_wrapper\">\n\t\t\t<p>Dependiendo de su formaci\u00f3n, ofrecemos inmersiones guiadas en cuevas. Dado que las cuevas est\u00e1n protegidas por la naturaleza y se deben solicitar permisos, cont\u00e1ctenos con tiempo suficiente para concertar citas.<\/p>\n\n\t\t<\/div>\n\t<\/div>\n<\/div><\/div><\/div><\/div><div class=\"vc_row wpb_row vc_inner vc_row-fluid vc_custom_1676221834110\" ><div class=\"wpb_column vc_column_container vc_col-sm-12\"><div class=\"vc_column-inner\"><div class=\"wpb_wrapper\">\n\t<div class=\"wpb_text_column wpb_content_element\" >\n\t\t<div class=\"wpb_wrapper\">\n\t\t\t<h3>Puede encontrar m\u00e1s informaci\u00f3n y descripciones detalladas de los cursos individuales en nuestro sitio web: <a href=\"https:\/\/mallorcacavediving.com\/\" target=\"_blank\" rel=\"noopener\">www.mallorcacavediving.com<\/a><\/h3>\n\n\t\t<\/div>\n\t<\/div>\n<\/div><\/div><\/div><\/div><\/div><\/div><\/div><\/div><div data-vc-full-width=\"true\" data-vc-full-width-init=\"false\" class=\"vc_row wpb_row vc_row-fluid vc_custom_1676207830951 vc_row-has-fill\" ><div class=\"wpb_column vc_column_container vc_col-sm-12\"><div class=\"vc_column-inner\"><div class=\"wpb_wrapper\"><section class=\"vc_cta3-container\"><div class=\"vc_general vc_cta3 vc_cta3-style-flat vc_cta3-shape-square vc_cta3-align-left vc_cta3-color-classic vc_cta3-icon-size-xl vc_cta3-icons-right vc_custom_1676220605580\"><div class=\"vc_cta3_content-container\"><div class=\"vc_cta3-content\"><header class=\"vc_cta3-content-header\"><\/header><h3 style=\"text-align: left;\">\u00bfTienes una pregunta? Entonces ll\u00e1menos, \u00bfverdad? <a href=\"https:\/\/wa.me\/34661488680\" target=\"_blank\" rel=\"noopener\">env\u00edanos un WhatsApp +34 661 488 680<\/a><\/h3>\n<\/div><\/div><div class=\"vc_cta3-icons\"><div class=\"vc_icon_element vc_icon_element-outer vc_icon_element-align-left\"><div class=\"vc_icon_element-inner vc_icon_element-color-custom vc_icon_element-size-xl vc_icon_element-style- vc_icon_element-background-color-grey\" ><span class=\"vc_icon_element-icon fa fa-whatsapp\" style=\"color:#024998 !important\"><\/span><a class=\"vc_icon_element-link\" href=\"https:\/\/wa.me\/34661488680\"  title=\"\" target=\" _blank\"><\/a><\/div><\/div><\/div><\/div><\/section><\/div><\/div><\/div><\/div><div class=\"vc_row-full-width vc_clearfix\"><\/div><div class=\"vc_row wpb_row vc_row-fluid\" ><div class=\"wpb_column vc_column_container vc_col-sm-12\"><div class=\"vc_column-inner\"><div class=\"wpb_wrapper\">\n\t<div class=\"wpb_text_column wpb_content_element\" >\n\t\t<div class=\"wpb_wrapper\">\n\t\t\t<h3>preguntas frecuentes<\/h3>\n\n\t\t<\/div>\n\t<\/div>\n<div class=\"mkdf-accordion-holder mkdf-ac-default  mkdf-accordion mkdf-ac-boxed  clearfix\">\n\t<h5 class=\"mkdf-accordion-title\">\n    <span class=\"mkdf-accordion-mark\">\n\t\t<span class=\"mkdf_icon_plus icon_plus\"><\/span>\n\t\t<span class=\"mkdf_icon_minus icon_minus-06\"><\/span>\n\t<\/span>\n\t<span class=\"mkdf-tab-title\">\u00bfQu\u00e9 requisitos debo cumplir para participar en los cursos?<\/span>\n<\/h5>\n<div class=\"mkdf-accordion-content\">\n\t<div class=\"mkdf-accordion-content-inner\">\n\t\t\n\t<div class=\"wpb_text_column wpb_content_element\" >\n\t\t<div class=\"wpb_wrapper\">\n\t\t\t<p>Puede encontrar los requisitos relevantes para cada curso en nuestro sitio web <a href=\"http:\/\/www.mallorcacavediving.com\" target=\"_blank\" rel=\"noopener\">www.mallorcacavediving.com<\/a> bajo educaci\u00f3n.<\/p>\n\n\t\t<\/div>\n\t<\/div>\n\t<\/div>\n<\/div><h5 class=\"mkdf-accordion-title\">\n    <span class=\"mkdf-accordion-mark\">\n\t\t<span class=\"mkdf_icon_plus icon_plus\"><\/span>\n\t\t<span class=\"mkdf_icon_minus icon_minus-06\"><\/span>\n\t<\/span>\n\t<span class=\"mkdf-tab-title\">Soy buceador de cuevas pero no tengo una certificaci\u00f3n de sidemount. \u00bfAhora que?<\/span>\n<\/h5>\n<div class=\"mkdf-accordion-content\">\n\t<div class=\"mkdf-accordion-content-inner\">\n\t\t\n\t<div class=\"wpb_text_column wpb_content_element\" >\n\t\t<div class=\"wpb_wrapper\">\n\t\t\t<p>La normativa legal exige la presentaci\u00f3n de este certificado. Le invitamos a reservar y completar el curso con nosotros.<\/p>\n\n\t\t<\/div>\n\t<\/div>\n\t<\/div>\n<\/div><h5 class=\"mkdf-accordion-title\">\n    <span class=\"mkdf-accordion-mark\">\n\t\t<span class=\"mkdf_icon_plus icon_plus\"><\/span>\n\t\t<span class=\"mkdf_icon_minus icon_minus-06\"><\/span>\n\t<\/span>\n\t<span class=\"mkdf-tab-title\">No tengo licencia de buceo o no puedo probarlo. \u00bfTodav\u00eda puedo participar?<\/span>\n<\/h5>\n<div class=\"mkdf-accordion-content\">\n\t<div class=\"mkdf-accordion-content-inner\">\n\t\t\n\t<div class=\"wpb_text_column wpb_content_element\" >\n\t\t<div class=\"wpb_wrapper\">\n\t\t\t<p>Algunas organizaciones tienen certificaciones que se pueden ver en l\u00ednea. De lo contrario, puede participar en nuestras inmersiones introductorias o completar un curso Open Water Diver con nosotros.<\/p>\n\n\t\t<\/div>\n\t<\/div>\n\t<\/div>\n<\/div><\/div><\/div><\/div><\/div><\/div><div class=\"vc_row wpb_row vc_row-fluid\" ><div class=\"wpb_column vc_column_container vc_col-sm-12\"><div class=\"vc_column-inner\"><div class=\"wpb_wrapper\"><div class=\"vc_empty_space\"   style=\"height: 5em\"><span class=\"vc_empty_space_inner\"><\/span><\/div><\/div><\/div><\/div><\/div>","protected":false},"excerpt":{"rendered":"Buceo en cuevasPura fascinaci\u00f3nReserva ahora, es necesario reservar para participar en nuestras actividades.El buceo en cuevas es una de las especialidades m\u00e1s fascinantes del buceo. \u00a1Aqu\u00ed, la formaci\u00f3n y el liderazgo serios y profesionales son esenciales para sobrevivir! Aqu\u00ed en Mallorca tenemos [...]","protected":false},"author":2,"featured_media":0,"parent":0,"menu_order":0,"comment_status":"closed","ping_status":"closed","template":"","meta":{"footnotes":""},"class_list":["post-299","page","type-page","status-publish","hentry"],"_links":{"self":[{"href":"https:\/\/skualo-portocolom.com\/es\/wp-json\/wp\/v2\/pages\/299","targetHints":{"allow":["GET"]}}],"collection":[{"href":"https:\/\/skualo-portocolom.com\/es\/wp-json\/wp\/v2\/pages"}],"about":[{"href":"https:\/\/skualo-portocolom.com\/es\/wp-json\/wp\/v2\/types\/page"}],"author":[{"embeddable":true,"href":"https:\/\/skualo-portocolom.com\/es\/wp-json\/wp\/v2\/users\/2"}],"replies":[{"embeddable":true,"href":"https:\/\/skualo-portocolom.com\/es\/wp-json\/wp\/v2\/comments?post=299"}],"version-history":[{"count":0,"href":"https:\/\/skualo-portocolom.com\/es\/wp-json\/wp\/v2\/pages\/299\/revisions"}],"wp:attachment":[{"href":"https:\/\/skualo-portocolom.com\/es\/wp-json\/wp\/v2\/media?parent=299"}],"curies":[{"name":"gracias","href":"https:\/\/api.w.org\/{rel}","templated":true}]}}